{"id":1616,"date":"2021-07-26T12:42:42","date_gmt":"2021-07-26T12:42:42","guid":{"rendered":"https:\/\/greatgraphics.se\/tempsites\/defuncv2\/hear-the-difference\/"},"modified":"2023-12-04T15:09:12","modified_gmt":"2023-12-04T13:09:12","slug":"hear-the-difference","status":"publish","type":"page","link":"https:\/\/defunc.com\/sv\/","title":{"rendered":"H\u00f6r skillnaden"},"content":{"rendered":"","protected":false},"excerpt":{"rendered":"","protected":false},"author":1,"featured_media":0,"parent":0,"menu_order":0,"comment_status":"closed","ping_status":"closed","template":"","meta":{"_acf_changed":false,"footnotes":""},"class_list":["post-1616","page","type-page","status-publish","hentry"],"acf":[],"yoast_head":"<!-- This site is optimized with the Yoast SEO Premium plugin v27.1 (Yoast SEO v27.4) - https:\/\/yoast.com\/product\/yoast-seo-premium-wordpress\/ -->\n<title>H\u00f6r skillnaden med v\u00e5ra h\u00f6rlurar &amp; h\u00f6gtalare | Defunc<\/title>\n<meta name=\"description\" content=\"Vi skapar audio-produkter med funktionell design - h\u00f6rlurar f\u00f6r alla \u00f6ron och varje tillf\u00e4lle. L\u00e4s mer om v\u00e5ra produkter h\u00e4r!\" \/>\n<meta name=\"robots\" content=\"index, follow, max-snippet:-1, max-image-preview:large, max-video-preview:-1\" \/>\n<link rel=\"canonical\" href=\"https:\/\/defunc.com\/sv\/\" \/>\n<meta property=\"og:locale\" content=\"sv_SE\" \/>\n<meta property=\"og:type\" content=\"article\" \/>\n<meta property=\"og:title\" content=\"H\u00f6r skillnaden\" \/>\n<meta property=\"og:description\" content=\"Vi skapar audio-produkter med funktionell design - h\u00f6rlurar f\u00f6r alla \u00f6ron och varje tillf\u00e4lle. L\u00e4s mer om v\u00e5ra produkter h\u00e4r!\" \/>\n<meta property=\"og:url\" content=\"https:\/\/defunc.com\/sv\/\" \/>\n<meta property=\"og:site_name\" content=\"Defunc\" \/>\n<meta property=\"article:publisher\" content=\"https:\/\/www.facebook.com\/defuncglobal\/\" \/>\n<meta property=\"article:modified_time\" content=\"2023-12-04T13:09:12+00:00\" \/>\n<meta property=\"og:image\" content=\"https:\/\/defunc.com\/wp-content\/uploads\/2023\/12\/Logo-thumbnail.jpg\" \/>\n\t<meta property=\"og:image:width\" content=\"1200\" \/>\n\t<meta property=\"og:image:height\" content=\"675\" \/>\n\t<meta property=\"og:image:type\" content=\"image\/jpeg\" \/>\n<meta name=\"twitter:card\" content=\"summary_large_image\" \/>\n<script type=\"application\/ld+json\" class=\"yoast-schema-graph\">{\"@context\":\"https:\\\/\\\/schema.org\",\"@graph\":[{\"@type\":\"WebPage\",\"@id\":\"https:\\\/\\\/defunc.com\\\/sv\\\/\",\"url\":\"https:\\\/\\\/defunc.com\\\/sv\\\/\",\"name\":\"H\u00f6r skillnaden med v\u00e5ra h\u00f6rlurar & h\u00f6gtalare | Defunc\",\"isPartOf\":{\"@id\":\"https:\\\/\\\/defunc.com\\\/sv\\\/#website\"},\"datePublished\":\"2021-07-26T12:42:42+00:00\",\"dateModified\":\"2023-12-04T13:09:12+00:00\",\"description\":\"Vi skapar audio-produkter med funktionell design - h\u00f6rlurar f\u00f6r alla \u00f6ron och varje tillf\u00e4lle. L\u00e4s mer om v\u00e5ra produkter h\u00e4r!\",\"breadcrumb\":{\"@id\":\"https:\\\/\\\/defunc.com\\\/sv\\\/#breadcrumb\"},\"inLanguage\":\"sv-SE\",\"potentialAction\":[{\"@type\":\"ReadAction\",\"target\":[\"https:\\\/\\\/defunc.com\\\/sv\\\/\"]}]},{\"@type\":\"BreadcrumbList\",\"@id\":\"https:\\\/\\\/defunc.com\\\/sv\\\/#breadcrumb\",\"itemListElement\":[{\"@type\":\"ListItem\",\"position\":1,\"name\":\"Home\",\"item\":\"https:\\\/\\\/defunc.com\\\/sv\\\/\"},{\"@type\":\"ListItem\",\"position\":2,\"name\":\"H\u00f6r skillnaden\"}]},{\"@type\":\"WebSite\",\"@id\":\"https:\\\/\\\/defunc.com\\\/sv\\\/#website\",\"url\":\"https:\\\/\\\/defunc.com\\\/sv\\\/\",\"name\":\"Defunc\",\"description\":\"Speakers and Earbuds - Everything we do is design &amp; function\",\"publisher\":{\"@id\":\"https:\\\/\\\/defunc.com\\\/sv\\\/#organization\"},\"potentialAction\":[{\"@type\":\"SearchAction\",\"target\":{\"@type\":\"EntryPoint\",\"urlTemplate\":\"https:\\\/\\\/defunc.com\\\/sv\\\/?s={search_term_string}\"},\"query-input\":{\"@type\":\"PropertyValueSpecification\",\"valueRequired\":true,\"valueName\":\"search_term_string\"}}],\"inLanguage\":\"sv-SE\"},{\"@type\":\"Organization\",\"@id\":\"https:\\\/\\\/defunc.com\\\/sv\\\/#organization\",\"name\":\"Defunc\",\"url\":\"https:\\\/\\\/defunc.com\\\/sv\\\/\",\"logo\":{\"@type\":\"ImageObject\",\"inLanguage\":\"sv-SE\",\"@id\":\"https:\\\/\\\/defunc.com\\\/sv\\\/#\\\/schema\\\/logo\\\/image\\\/\",\"url\":\"https:\\\/\\\/defunc.com\\\/wp-content\\\/uploads\\\/2022\\\/03\\\/defunc-logo-black.png\",\"contentUrl\":\"https:\\\/\\\/defunc.com\\\/wp-content\\\/uploads\\\/2022\\\/03\\\/defunc-logo-black.png\",\"width\":2560,\"height\":637,\"caption\":\"Defunc\"},\"image\":{\"@id\":\"https:\\\/\\\/defunc.com\\\/sv\\\/#\\\/schema\\\/logo\\\/image\\\/\"},\"sameAs\":[\"https:\\\/\\\/www.facebook.com\\\/defuncglobal\\\/\",\"https:\\\/\\\/www.instagram.com\\\/defuncglobal\\\/?hl=sv\",\"https:\\\/\\\/www.linkedin.com\\\/company\\\/defunc\\\/?originalSubdomain=se\",\"https:\\\/\\\/www.youtube.com\\\/channel\\\/UC9_cffHmeXEn9_6LTrazRxA\"],\"publishingPrinciples\":\"https:\\\/\\\/defunc.com\\\/support\\\/terms-conditions\\\/\"}]}<\/script>\n<!-- \/ Yoast SEO Premium plugin. -->","yoast_head_json":{"title":"H\u00f6r skillnaden med v\u00e5ra h\u00f6rlurar & h\u00f6gtalare | Defunc","description":"Vi skapar audio-produkter med funktionell design - h\u00f6rlurar f\u00f6r alla \u00f6ron och varje tillf\u00e4lle. L\u00e4s mer om v\u00e5ra produkter h\u00e4r!","robots":{"index":"index","follow":"follow","max-snippet":"max-snippet:-1","max-image-preview":"max-image-preview:large","max-video-preview":"max-video-preview:-1"},"canonical":"https:\/\/defunc.com\/sv\/","og_locale":"sv_SE","og_type":"article","og_title":"H\u00f6r skillnaden","og_description":"Vi skapar audio-produkter med funktionell design - h\u00f6rlurar f\u00f6r alla \u00f6ron och varje tillf\u00e4lle. L\u00e4s mer om v\u00e5ra produkter h\u00e4r!","og_url":"https:\/\/defunc.com\/sv\/","og_site_name":"Defunc","article_publisher":"https:\/\/www.facebook.com\/defuncglobal\/","article_modified_time":"2023-12-04T13:09:12+00:00","og_image":[{"width":1200,"height":675,"url":"https:\/\/defunc.com\/wp-content\/uploads\/2023\/12\/Logo-thumbnail.jpg","type":"image\/jpeg"}],"twitter_card":"summary_large_image","schema":{"@context":"https:\/\/schema.org","@graph":[{"@type":"WebPage","@id":"https:\/\/defunc.com\/sv\/","url":"https:\/\/defunc.com\/sv\/","name":"H\u00f6r skillnaden med v\u00e5ra h\u00f6rlurar & h\u00f6gtalare | Defunc","isPartOf":{"@id":"https:\/\/defunc.com\/sv\/#website"},"datePublished":"2021-07-26T12:42:42+00:00","dateModified":"2023-12-04T13:09:12+00:00","description":"Vi skapar audio-produkter med funktionell design - h\u00f6rlurar f\u00f6r alla \u00f6ron och varje tillf\u00e4lle. L\u00e4s mer om v\u00e5ra produkter h\u00e4r!","breadcrumb":{"@id":"https:\/\/defunc.com\/sv\/#breadcrumb"},"inLanguage":"sv-SE","potentialAction":[{"@type":"ReadAction","target":["https:\/\/defunc.com\/sv\/"]}]},{"@type":"BreadcrumbList","@id":"https:\/\/defunc.com\/sv\/#breadcrumb","itemListElement":[{"@type":"ListItem","position":1,"name":"Home","item":"https:\/\/defunc.com\/sv\/"},{"@type":"ListItem","position":2,"name":"H\u00f6r skillnaden"}]},{"@type":"WebSite","@id":"https:\/\/defunc.com\/sv\/#website","url":"https:\/\/defunc.com\/sv\/","name":"Defunc","description":"Speakers and Earbuds - Everything we do is design &amp; function","publisher":{"@id":"https:\/\/defunc.com\/sv\/#organization"},"potentialAction":[{"@type":"SearchAction","target":{"@type":"EntryPoint","urlTemplate":"https:\/\/defunc.com\/sv\/?s={search_term_string}"},"query-input":{"@type":"PropertyValueSpecification","valueRequired":true,"valueName":"search_term_string"}}],"inLanguage":"sv-SE"},{"@type":"Organization","@id":"https:\/\/defunc.com\/sv\/#organization","name":"Defunc","url":"https:\/\/defunc.com\/sv\/","logo":{"@type":"ImageObject","inLanguage":"sv-SE","@id":"https:\/\/defunc.com\/sv\/#\/schema\/logo\/image\/","url":"https:\/\/defunc.com\/wp-content\/uploads\/2022\/03\/defunc-logo-black.png","contentUrl":"https:\/\/defunc.com\/wp-content\/uploads\/2022\/03\/defunc-logo-black.png","width":2560,"height":637,"caption":"Defunc"},"image":{"@id":"https:\/\/defunc.com\/sv\/#\/schema\/logo\/image\/"},"sameAs":["https:\/\/www.facebook.com\/defuncglobal\/","https:\/\/www.instagram.com\/defuncglobal\/?hl=sv","https:\/\/www.linkedin.com\/company\/defunc\/?originalSubdomain=se","https:\/\/www.youtube.com\/channel\/UC9_cffHmeXEn9_6LTrazRxA"],"publishingPrinciples":"https:\/\/defunc.com\/support\/terms-conditions\/"}]}},"jetpack_sharing_enabled":true,"_links":{"self":[{"href":"https:\/\/defunc.com\/sv\/wp-json\/wp\/v2\/pages\/1616","targetHints":{"allow":["GET"]}}],"collection":[{"href":"https:\/\/defunc.com\/sv\/wp-json\/wp\/v2\/pages"}],"about":[{"href":"https:\/\/defunc.com\/sv\/wp-json\/wp\/v2\/types\/page"}],"author":[{"embeddable":true,"href":"https:\/\/defunc.com\/sv\/wp-json\/wp\/v2\/users\/1"}],"replies":[{"embeddable":true,"href":"https:\/\/defunc.com\/sv\/wp-json\/wp\/v2\/comments?post=1616"}],"version-history":[{"count":29,"href":"https:\/\/defunc.com\/sv\/wp-json\/wp\/v2\/pages\/1616\/revisions"}],"predecessor-version":[{"id":5471,"href":"https:\/\/defunc.com\/sv\/wp-json\/wp\/v2\/pages\/1616\/revisions\/5471"}],"wp:attachment":[{"href":"https:\/\/defunc.com\/sv\/wp-json\/wp\/v2\/media?parent=1616"}],"curies":[{"name":"wp","href":"https:\/\/api.w.org\/{rel}","templated":true}]}}