{"id":1623,"date":"2021-09-19T12:26:50","date_gmt":"2021-09-19T12:26:50","guid":{"rendered":"https:\/\/greatgraphics.se\/tempsites\/defuncv2\/about-us\/"},"modified":"2022-04-08T06:09:06","modified_gmt":"2022-04-08T06:09:06","slug":"om-oss","status":"publish","type":"page","link":"https:\/\/defunc.com\/sv\/om-oss\/","title":{"rendered":"Om oss"},"content":{"rendered":"\n<p>Fr\u00e5n v\u00e5r hemstad Stockholm skapar vi ljudprodukter med specifika syften f\u00f6r att f\u00f6renkla valen f\u00f6r ljudsmarta personer runt om i v\u00e4rlden. Att f\u00f6rena svenskt designt\u00e4nkande med noggrant utvalda framtidsinriktade funktioner \u00e4r vad vi handlar om. Det finns till och med i v\u00e5rt namn: Design + funktion = Defunc. Resultatet? H\u00f6rlurar och h\u00f6gtalare med r\u00e4tt ljud f\u00f6r r\u00e4tt tillf\u00e4lle. S\u00e5 om du vet vad du vill g\u00f6ra har vi det du beh\u00f6ver f\u00f6r att f\u00f6rh\u00f6ja din upplevelse. Det \u00e4r d\u00e4rf\u00f6r vi finns, sedan 2015 och fram\u00e5t.<\/p>\n\n\n\n<h3 class=\"mt-5 wp-block-heading\" id=\"our-story\">V\u00e5r ber\u00e4ttelse<\/h3>\n","protected":false},"excerpt":{"rendered":"<p>Fr\u00e5n v\u00e5r hemstad Stockholm skapar vi ljudprodukter med specifika syften f\u00f6r att f\u00f6renkla valen f\u00f6r ljudsmarta personer runt om i v\u00e4rlden. Att f\u00f6rena svenskt designt\u00e4nkande med noggrant utvalda framtidsinriktade funktioner \u00e4r vad vi handlar om&#8230;.<\/p>\n","protected":false},"author":1,"featured_media":0,"parent":0,"menu_order":0,"comment_status":"closed","ping_status":"closed","template":"_template-about-us.php","meta":{"_acf_changed":false,"footnotes":""},"class_list":["post-1623","page","type-page","status-publish","hentry"],"acf":[],"yoast_head":"<!-- This site is optimized with the Yoast SEO Premium plugin v27.1 (Yoast SEO v27.4) - https:\/\/yoast.com\/product\/yoast-seo-premium-wordpress\/ -->\n<title>Om oss | Defunc<\/title>\n<meta name=\"robots\" content=\"index, follow, max-snippet:-1, max-image-preview:large, max-video-preview:-1\" \/>\n<link rel=\"canonical\" href=\"https:\/\/defunc.com\/sv\/om-oss\/\" \/>\n<meta property=\"og:locale\" content=\"sv_SE\" \/>\n<meta property=\"og:type\" content=\"article\" \/>\n<meta property=\"og:title\" content=\"Om oss\" \/>\n<meta property=\"og:description\" content=\"Fr\u00e5n v\u00e5r hemstad Stockholm skapar vi ljudprodukter med specifika syften f\u00f6r att f\u00f6renkla valen f\u00f6r ljudsmarta personer runt om i v\u00e4rlden. Att f\u00f6rena svenskt designt\u00e4nkande med noggrant utvalda framtidsinriktade funktioner \u00e4r vad vi handlar om....\" \/>\n<meta property=\"og:url\" content=\"https:\/\/defunc.com\/sv\/om-oss\/\" \/>\n<meta property=\"og:site_name\" content=\"Defunc\" \/>\n<meta property=\"article:publisher\" content=\"https:\/\/www.facebook.com\/defuncglobal\/\" \/>\n<meta property=\"article:modified_time\" content=\"2022-04-08T06:09:06+00:00\" \/>\n<meta property=\"og:image\" content=\"https:\/\/defunc.com\/wp-content\/uploads\/2023\/12\/Logo-thumbnail.jpg\" \/>\n\t<meta property=\"og:image:width\" content=\"1200\" \/>\n\t<meta property=\"og:image:height\" content=\"675\" \/>\n\t<meta property=\"og:image:type\" content=\"image\/jpeg\" \/>\n<meta name=\"twitter:card\" content=\"summary_large_image\" \/>\n<meta name=\"twitter:label1\" content=\"Ber\u00e4knad l\u00e4stid\" \/>\n\t<meta name=\"twitter:data1\" content=\"1 minut\" \/>\n<script type=\"application\/ld+json\" class=\"yoast-schema-graph\">{\"@context\":\"https:\\\/\\\/schema.org\",\"@graph\":[{\"@type\":\"WebPage\",\"@id\":\"https:\\\/\\\/defunc.com\\\/sv\\\/om-oss\\\/\",\"url\":\"https:\\\/\\\/defunc.com\\\/sv\\\/om-oss\\\/\",\"name\":\"Om oss | Defunc\",\"isPartOf\":{\"@id\":\"https:\\\/\\\/defunc.com\\\/sv\\\/#website\"},\"datePublished\":\"2021-09-19T12:26:50+00:00\",\"dateModified\":\"2022-04-08T06:09:06+00:00\",\"breadcrumb\":{\"@id\":\"https:\\\/\\\/defunc.com\\\/sv\\\/om-oss\\\/#breadcrumb\"},\"inLanguage\":\"sv-SE\",\"potentialAction\":[{\"@type\":\"ReadAction\",\"target\":[\"https:\\\/\\\/defunc.com\\\/sv\\\/om-oss\\\/\"]}]},{\"@type\":\"BreadcrumbList\",\"@id\":\"https:\\\/\\\/defunc.com\\\/sv\\\/om-oss\\\/#breadcrumb\",\"itemListElement\":[{\"@type\":\"ListItem\",\"position\":1,\"name\":\"Home\",\"item\":\"https:\\\/\\\/defunc.com\\\/sv\\\/\"},{\"@type\":\"ListItem\",\"position\":2,\"name\":\"Om oss\"}]},{\"@type\":\"WebSite\",\"@id\":\"https:\\\/\\\/defunc.com\\\/sv\\\/#website\",\"url\":\"https:\\\/\\\/defunc.com\\\/sv\\\/\",\"name\":\"Defunc\",\"description\":\"Speakers and Earbuds - Everything we do is design &amp; function\",\"publisher\":{\"@id\":\"https:\\\/\\\/defunc.com\\\/sv\\\/#organization\"},\"potentialAction\":[{\"@type\":\"SearchAction\",\"target\":{\"@type\":\"EntryPoint\",\"urlTemplate\":\"https:\\\/\\\/defunc.com\\\/sv\\\/?s={search_term_string}\"},\"query-input\":{\"@type\":\"PropertyValueSpecification\",\"valueRequired\":true,\"valueName\":\"search_term_string\"}}],\"inLanguage\":\"sv-SE\"},{\"@type\":\"Organization\",\"@id\":\"https:\\\/\\\/defunc.com\\\/sv\\\/#organization\",\"name\":\"Defunc\",\"url\":\"https:\\\/\\\/defunc.com\\\/sv\\\/\",\"logo\":{\"@type\":\"ImageObject\",\"inLanguage\":\"sv-SE\",\"@id\":\"https:\\\/\\\/defunc.com\\\/sv\\\/#\\\/schema\\\/logo\\\/image\\\/\",\"url\":\"https:\\\/\\\/defunc.com\\\/wp-content\\\/uploads\\\/2022\\\/03\\\/defunc-logo-black.png\",\"contentUrl\":\"https:\\\/\\\/defunc.com\\\/wp-content\\\/uploads\\\/2022\\\/03\\\/defunc-logo-black.png\",\"width\":2560,\"height\":637,\"caption\":\"Defunc\"},\"image\":{\"@id\":\"https:\\\/\\\/defunc.com\\\/sv\\\/#\\\/schema\\\/logo\\\/image\\\/\"},\"sameAs\":[\"https:\\\/\\\/www.facebook.com\\\/defuncglobal\\\/\",\"https:\\\/\\\/www.instagram.com\\\/defuncglobal\\\/?hl=sv\",\"https:\\\/\\\/www.linkedin.com\\\/company\\\/defunc\\\/?originalSubdomain=se\",\"https:\\\/\\\/www.youtube.com\\\/channel\\\/UC9_cffHmeXEn9_6LTrazRxA\"],\"publishingPrinciples\":\"https:\\\/\\\/defunc.com\\\/support\\\/terms-conditions\\\/\"}]}<\/script>\n<!-- \/ Yoast SEO Premium plugin. -->","yoast_head_json":{"title":"Om oss | Defunc","robots":{"index":"index","follow":"follow","max-snippet":"max-snippet:-1","max-image-preview":"max-image-preview:large","max-video-preview":"max-video-preview:-1"},"canonical":"https:\/\/defunc.com\/sv\/om-oss\/","og_locale":"sv_SE","og_type":"article","og_title":"Om oss","og_description":"Fr\u00e5n v\u00e5r hemstad Stockholm skapar vi ljudprodukter med specifika syften f\u00f6r att f\u00f6renkla valen f\u00f6r ljudsmarta personer runt om i v\u00e4rlden. Att f\u00f6rena svenskt designt\u00e4nkande med noggrant utvalda framtidsinriktade funktioner \u00e4r vad vi handlar om....","og_url":"https:\/\/defunc.com\/sv\/om-oss\/","og_site_name":"Defunc","article_publisher":"https:\/\/www.facebook.com\/defuncglobal\/","article_modified_time":"2022-04-08T06:09:06+00:00","og_image":[{"width":1200,"height":675,"url":"https:\/\/defunc.com\/wp-content\/uploads\/2023\/12\/Logo-thumbnail.jpg","type":"image\/jpeg"}],"twitter_card":"summary_large_image","twitter_misc":{"Ber\u00e4knad l\u00e4stid":"1 minut"},"schema":{"@context":"https:\/\/schema.org","@graph":[{"@type":"WebPage","@id":"https:\/\/defunc.com\/sv\/om-oss\/","url":"https:\/\/defunc.com\/sv\/om-oss\/","name":"Om oss | Defunc","isPartOf":{"@id":"https:\/\/defunc.com\/sv\/#website"},"datePublished":"2021-09-19T12:26:50+00:00","dateModified":"2022-04-08T06:09:06+00:00","breadcrumb":{"@id":"https:\/\/defunc.com\/sv\/om-oss\/#breadcrumb"},"inLanguage":"sv-SE","potentialAction":[{"@type":"ReadAction","target":["https:\/\/defunc.com\/sv\/om-oss\/"]}]},{"@type":"BreadcrumbList","@id":"https:\/\/defunc.com\/sv\/om-oss\/#breadcrumb","itemListElement":[{"@type":"ListItem","position":1,"name":"Home","item":"https:\/\/defunc.com\/sv\/"},{"@type":"ListItem","position":2,"name":"Om oss"}]},{"@type":"WebSite","@id":"https:\/\/defunc.com\/sv\/#website","url":"https:\/\/defunc.com\/sv\/","name":"Defunc","description":"Speakers and Earbuds - Everything we do is design &amp; function","publisher":{"@id":"https:\/\/defunc.com\/sv\/#organization"},"potentialAction":[{"@type":"SearchAction","target":{"@type":"EntryPoint","urlTemplate":"https:\/\/defunc.com\/sv\/?s={search_term_string}"},"query-input":{"@type":"PropertyValueSpecification","valueRequired":true,"valueName":"search_term_string"}}],"inLanguage":"sv-SE"},{"@type":"Organization","@id":"https:\/\/defunc.com\/sv\/#organization","name":"Defunc","url":"https:\/\/defunc.com\/sv\/","logo":{"@type":"ImageObject","inLanguage":"sv-SE","@id":"https:\/\/defunc.com\/sv\/#\/schema\/logo\/image\/","url":"https:\/\/defunc.com\/wp-content\/uploads\/2022\/03\/defunc-logo-black.png","contentUrl":"https:\/\/defunc.com\/wp-content\/uploads\/2022\/03\/defunc-logo-black.png","width":2560,"height":637,"caption":"Defunc"},"image":{"@id":"https:\/\/defunc.com\/sv\/#\/schema\/logo\/image\/"},"sameAs":["https:\/\/www.facebook.com\/defuncglobal\/","https:\/\/www.instagram.com\/defuncglobal\/?hl=sv","https:\/\/www.linkedin.com\/company\/defunc\/?originalSubdomain=se","https:\/\/www.youtube.com\/channel\/UC9_cffHmeXEn9_6LTrazRxA"],"publishingPrinciples":"https:\/\/defunc.com\/support\/terms-conditions\/"}]}},"jetpack_sharing_enabled":true,"_links":{"self":[{"href":"https:\/\/defunc.com\/sv\/wp-json\/wp\/v2\/pages\/1623","targetHints":{"allow":["GET"]}}],"collection":[{"href":"https:\/\/defunc.com\/sv\/wp-json\/wp\/v2\/pages"}],"about":[{"href":"https:\/\/defunc.com\/sv\/wp-json\/wp\/v2\/types\/page"}],"author":[{"embeddable":true,"href":"https:\/\/defunc.com\/sv\/wp-json\/wp\/v2\/users\/1"}],"replies":[{"embeddable":true,"href":"https:\/\/defunc.com\/sv\/wp-json\/wp\/v2\/comments?post=1623"}],"version-history":[{"count":12,"href":"https:\/\/defunc.com\/sv\/wp-json\/wp\/v2\/pages\/1623\/revisions"}],"predecessor-version":[{"id":2245,"href":"https:\/\/defunc.com\/sv\/wp-json\/wp\/v2\/pages\/1623\/revisions\/2245"}],"wp:attachment":[{"href":"https:\/\/defunc.com\/sv\/wp-json\/wp\/v2\/media?parent=1623"}],"curies":[{"name":"wp","href":"https:\/\/api.w.org\/{rel}","templated":true}]}}