{"id":1629,"date":"2021-08-03T07:36:33","date_gmt":"2021-08-03T07:36:33","guid":{"rendered":"https:\/\/greatgraphics.se\/tempsites\/defuncv2\/earbuds\/"},"modified":"2024-02-28T14:07:49","modified_gmt":"2024-02-28T12:07:49","slug":"tradlosa-horlurar","status":"publish","type":"page","link":"https:\/\/defunc.com\/sv\/tradlosa-horlurar\/","title":{"rendered":"H\u00f6rlurar"},"content":{"rendered":"\n<h1 class=\"wp-block-heading\">Skaffa r\u00e4tt ljud<\/h1>\n\n\n\n<h5 class=\"wp-block-heading\">7 TRUE WIRELESS-MODELLER. 7 SYFTEN.<\/h5>\n\n\n\n<p>V\u00e5r tr\u00e5dl\u00f6sa h\u00f6rlurskollektion \u00e4r skr\u00e4ddarsydd f\u00f6r moderna levnadss\u00e4tt p\u00e5 riktigt, och ger dig r\u00e4tt ljud f\u00f6r r\u00e4tt tillf\u00e4lle. S\u00e5, vad vill du g\u00f6ra idag? Det kanske \u00e4r att ta en springtur p\u00e5 morgonen eller att ha ett telefonm\u00f6te p\u00e5 eftermiddagen. Kanske \u00e4r det att kolla p\u00e5 en serie eller spela mobilspel p\u00e5 kv\u00e4llen. Eller \u00e4r det kanske bara att njuta av musik l\u00e5ngt in p\u00e5 natten. Vi kommer aldrig att s\u00e4ga till dig vad du ska g\u00f6ra eller vad du ska gilla, f\u00f6r du kan redan din smak. Vad vi g\u00f6r \u00e4r att skapa ljudprodukter med tydliga syften f\u00f6r att f\u00f6rh\u00f6ja din livsstil. Som till exempel v\u00e5ra sju olika true wireless-h\u00f6rlursmodeller som \u00e4r designade att funka speciellt bra p\u00e5 sju olika s\u00e4tt. Dags att skaffa r\u00e4tt ljud och f\u00f6rb\u00e4ttra ditt tr\u00e5dl\u00f6sa liv p\u00e5 riktigt.<\/p>\n","protected":false},"excerpt":{"rendered":"<p>Skaffa r\u00e4tt ljud 7 TRUE WIRELESS-MODELLER. 7 SYFTEN. V\u00e5r tr\u00e5dl\u00f6sa h\u00f6rlurskollektion \u00e4r skr\u00e4ddarsydd f\u00f6r moderna levnadss\u00e4tt p\u00e5 riktigt, och ger dig r\u00e4tt ljud f\u00f6r r\u00e4tt tillf\u00e4lle. S\u00e5, vad vill du g\u00f6ra idag? Det kanske \u00e4r&#8230;<\/p>\n","protected":false},"author":1,"featured_media":0,"parent":0,"menu_order":0,"comment_status":"closed","ping_status":"closed","template":"_template-wireless-earbuds.php","meta":{"_acf_changed":false,"footnotes":""},"class_list":["post-1629","page","type-page","status-publish","hentry"],"acf":[],"yoast_head":"<!-- This site is optimized with the Yoast SEO Premium plugin v27.1 (Yoast SEO v27.4) - https:\/\/yoast.com\/product\/yoast-seo-premium-wordpress\/ -->\n<title>Tr\u00e5dl\u00f6sa h\u00f6rlurar - Snygga earbuds f\u00f6r alla | Defunc<\/title>\n<meta name=\"description\" content=\"Snygga tr\u00e5dl\u00f6sa h\u00f6rlurar fr\u00e5n Defunc. F\u00f6r resan, tr\u00e4ningen eller jobbet. \u2713 Fri frakt \u00f6ver 400kr \u2713 30 dagars \u00f6ppet k\u00f6p \u2713 Fria returer.\" \/>\n<meta name=\"robots\" content=\"index, follow, max-snippet:-1, max-image-preview:large, max-video-preview:-1\" \/>\n<link rel=\"canonical\" href=\"https:\/\/defunc.com\/sv\/tradlosa-horlurar\/\" \/>\n<meta property=\"og:locale\" content=\"sv_SE\" \/>\n<meta property=\"og:type\" content=\"article\" \/>\n<meta property=\"og:title\" content=\"H\u00f6rlurar\" \/>\n<meta property=\"og:description\" content=\"Snygga tr\u00e5dl\u00f6sa h\u00f6rlurar fr\u00e5n Defunc. F\u00f6r resan, tr\u00e4ningen eller jobbet. \u2713 Fri frakt \u00f6ver 400kr \u2713 30 dagars \u00f6ppet k\u00f6p \u2713 Fria returer.\" \/>\n<meta property=\"og:url\" content=\"https:\/\/defunc.com\/sv\/tradlosa-horlurar\/\" \/>\n<meta property=\"og:site_name\" content=\"Defunc\" \/>\n<meta property=\"article:publisher\" content=\"https:\/\/www.facebook.com\/defuncglobal\/\" \/>\n<meta property=\"article:modified_time\" content=\"2024-02-28T12:07:49+00:00\" \/>\n<meta property=\"og:image\" content=\"https:\/\/defunc.com\/wp-content\/uploads\/2023\/12\/Logo-thumbnail.jpg\" \/>\n\t<meta property=\"og:image:width\" content=\"1200\" \/>\n\t<meta property=\"og:image:height\" content=\"675\" \/>\n\t<meta property=\"og:image:type\" content=\"image\/jpeg\" \/>\n<meta name=\"twitter:card\" content=\"summary_large_image\" \/>\n<meta name=\"twitter:label1\" content=\"Ber\u00e4knad l\u00e4stid\" \/>\n\t<meta name=\"twitter:data1\" content=\"4 minuter\" \/>\n<script type=\"application\/ld+json\" class=\"yoast-schema-graph\">{\"@context\":\"https:\\\/\\\/schema.org\",\"@graph\":[{\"@type\":\"WebPage\",\"@id\":\"https:\\\/\\\/defunc.com\\\/sv\\\/tradlosa-horlurar\\\/\",\"url\":\"https:\\\/\\\/defunc.com\\\/sv\\\/tradlosa-horlurar\\\/\",\"name\":\"Tr\u00e5dl\u00f6sa h\u00f6rlurar - Snygga earbuds f\u00f6r alla | Defunc\",\"isPartOf\":{\"@id\":\"https:\\\/\\\/defunc.com\\\/sv\\\/#website\"},\"datePublished\":\"2021-08-03T07:36:33+00:00\",\"dateModified\":\"2024-02-28T12:07:49+00:00\",\"description\":\"Snygga tr\u00e5dl\u00f6sa h\u00f6rlurar fr\u00e5n Defunc. F\u00f6r resan, tr\u00e4ningen eller jobbet. \u2713 Fri frakt \u00f6ver 400kr \u2713 30 dagars \u00f6ppet k\u00f6p \u2713 Fria returer.\",\"breadcrumb\":{\"@id\":\"https:\\\/\\\/defunc.com\\\/sv\\\/tradlosa-horlurar\\\/#breadcrumb\"},\"inLanguage\":\"sv-SE\",\"potentialAction\":[{\"@type\":\"ReadAction\",\"target\":[\"https:\\\/\\\/defunc.com\\\/sv\\\/tradlosa-horlurar\\\/\"]}]},{\"@type\":\"BreadcrumbList\",\"@id\":\"https:\\\/\\\/defunc.com\\\/sv\\\/tradlosa-horlurar\\\/#breadcrumb\",\"itemListElement\":[{\"@type\":\"ListItem\",\"position\":1,\"name\":\"Home\",\"item\":\"https:\\\/\\\/defunc.com\\\/sv\\\/\"},{\"@type\":\"ListItem\",\"position\":2,\"name\":\"H\u00f6rlurar\"}]},{\"@type\":\"WebSite\",\"@id\":\"https:\\\/\\\/defunc.com\\\/sv\\\/#website\",\"url\":\"https:\\\/\\\/defunc.com\\\/sv\\\/\",\"name\":\"Defunc\",\"description\":\"Speakers and Earbuds - Everything we do is design &amp; function\",\"publisher\":{\"@id\":\"https:\\\/\\\/defunc.com\\\/sv\\\/#organization\"},\"potentialAction\":[{\"@type\":\"SearchAction\",\"target\":{\"@type\":\"EntryPoint\",\"urlTemplate\":\"https:\\\/\\\/defunc.com\\\/sv\\\/?s={search_term_string}\"},\"query-input\":{\"@type\":\"PropertyValueSpecification\",\"valueRequired\":true,\"valueName\":\"search_term_string\"}}],\"inLanguage\":\"sv-SE\"},{\"@type\":\"Organization\",\"@id\":\"https:\\\/\\\/defunc.com\\\/sv\\\/#organization\",\"name\":\"Defunc\",\"url\":\"https:\\\/\\\/defunc.com\\\/sv\\\/\",\"logo\":{\"@type\":\"ImageObject\",\"inLanguage\":\"sv-SE\",\"@id\":\"https:\\\/\\\/defunc.com\\\/sv\\\/#\\\/schema\\\/logo\\\/image\\\/\",\"url\":\"https:\\\/\\\/defunc.com\\\/wp-content\\\/uploads\\\/2022\\\/03\\\/defunc-logo-black.png\",\"contentUrl\":\"https:\\\/\\\/defunc.com\\\/wp-content\\\/uploads\\\/2022\\\/03\\\/defunc-logo-black.png\",\"width\":2560,\"height\":637,\"caption\":\"Defunc\"},\"image\":{\"@id\":\"https:\\\/\\\/defunc.com\\\/sv\\\/#\\\/schema\\\/logo\\\/image\\\/\"},\"sameAs\":[\"https:\\\/\\\/www.facebook.com\\\/defuncglobal\\\/\",\"https:\\\/\\\/www.instagram.com\\\/defuncglobal\\\/?hl=sv\",\"https:\\\/\\\/www.linkedin.com\\\/company\\\/defunc\\\/?originalSubdomain=se\",\"https:\\\/\\\/www.youtube.com\\\/channel\\\/UC9_cffHmeXEn9_6LTrazRxA\"],\"publishingPrinciples\":\"https:\\\/\\\/defunc.com\\\/support\\\/terms-conditions\\\/\"}]}<\/script>\n<!-- \/ Yoast SEO Premium plugin. -->","yoast_head_json":{"title":"Tr\u00e5dl\u00f6sa h\u00f6rlurar - Snygga earbuds f\u00f6r alla | Defunc","description":"Snygga tr\u00e5dl\u00f6sa h\u00f6rlurar fr\u00e5n Defunc. F\u00f6r resan, tr\u00e4ningen eller jobbet. \u2713 Fri frakt \u00f6ver 400kr \u2713 30 dagars \u00f6ppet k\u00f6p \u2713 Fria returer.","robots":{"index":"index","follow":"follow","max-snippet":"max-snippet:-1","max-image-preview":"max-image-preview:large","max-video-preview":"max-video-preview:-1"},"canonical":"https:\/\/defunc.com\/sv\/tradlosa-horlurar\/","og_locale":"sv_SE","og_type":"article","og_title":"H\u00f6rlurar","og_description":"Snygga tr\u00e5dl\u00f6sa h\u00f6rlurar fr\u00e5n Defunc. F\u00f6r resan, tr\u00e4ningen eller jobbet. \u2713 Fri frakt \u00f6ver 400kr \u2713 30 dagars \u00f6ppet k\u00f6p \u2713 Fria returer.","og_url":"https:\/\/defunc.com\/sv\/tradlosa-horlurar\/","og_site_name":"Defunc","article_publisher":"https:\/\/www.facebook.com\/defuncglobal\/","article_modified_time":"2024-02-28T12:07:49+00:00","og_image":[{"width":1200,"height":675,"url":"https:\/\/defunc.com\/wp-content\/uploads\/2023\/12\/Logo-thumbnail.jpg","type":"image\/jpeg"}],"twitter_card":"summary_large_image","twitter_misc":{"Ber\u00e4knad l\u00e4stid":"4 minuter"},"schema":{"@context":"https:\/\/schema.org","@graph":[{"@type":"WebPage","@id":"https:\/\/defunc.com\/sv\/tradlosa-horlurar\/","url":"https:\/\/defunc.com\/sv\/tradlosa-horlurar\/","name":"Tr\u00e5dl\u00f6sa h\u00f6rlurar - Snygga earbuds f\u00f6r alla | Defunc","isPartOf":{"@id":"https:\/\/defunc.com\/sv\/#website"},"datePublished":"2021-08-03T07:36:33+00:00","dateModified":"2024-02-28T12:07:49+00:00","description":"Snygga tr\u00e5dl\u00f6sa h\u00f6rlurar fr\u00e5n Defunc. F\u00f6r resan, tr\u00e4ningen eller jobbet. \u2713 Fri frakt \u00f6ver 400kr \u2713 30 dagars \u00f6ppet k\u00f6p \u2713 Fria returer.","breadcrumb":{"@id":"https:\/\/defunc.com\/sv\/tradlosa-horlurar\/#breadcrumb"},"inLanguage":"sv-SE","potentialAction":[{"@type":"ReadAction","target":["https:\/\/defunc.com\/sv\/tradlosa-horlurar\/"]}]},{"@type":"BreadcrumbList","@id":"https:\/\/defunc.com\/sv\/tradlosa-horlurar\/#breadcrumb","itemListElement":[{"@type":"ListItem","position":1,"name":"Home","item":"https:\/\/defunc.com\/sv\/"},{"@type":"ListItem","position":2,"name":"H\u00f6rlurar"}]},{"@type":"WebSite","@id":"https:\/\/defunc.com\/sv\/#website","url":"https:\/\/defunc.com\/sv\/","name":"Defunc","description":"Speakers and Earbuds - Everything we do is design &amp; function","publisher":{"@id":"https:\/\/defunc.com\/sv\/#organization"},"potentialAction":[{"@type":"SearchAction","target":{"@type":"EntryPoint","urlTemplate":"https:\/\/defunc.com\/sv\/?s={search_term_string}"},"query-input":{"@type":"PropertyValueSpecification","valueRequired":true,"valueName":"search_term_string"}}],"inLanguage":"sv-SE"},{"@type":"Organization","@id":"https:\/\/defunc.com\/sv\/#organization","name":"Defunc","url":"https:\/\/defunc.com\/sv\/","logo":{"@type":"ImageObject","inLanguage":"sv-SE","@id":"https:\/\/defunc.com\/sv\/#\/schema\/logo\/image\/","url":"https:\/\/defunc.com\/wp-content\/uploads\/2022\/03\/defunc-logo-black.png","contentUrl":"https:\/\/defunc.com\/wp-content\/uploads\/2022\/03\/defunc-logo-black.png","width":2560,"height":637,"caption":"Defunc"},"image":{"@id":"https:\/\/defunc.com\/sv\/#\/schema\/logo\/image\/"},"sameAs":["https:\/\/www.facebook.com\/defuncglobal\/","https:\/\/www.instagram.com\/defuncglobal\/?hl=sv","https:\/\/www.linkedin.com\/company\/defunc\/?originalSubdomain=se","https:\/\/www.youtube.com\/channel\/UC9_cffHmeXEn9_6LTrazRxA"],"publishingPrinciples":"https:\/\/defunc.com\/support\/terms-conditions\/"}]}},"jetpack_sharing_enabled":true,"_links":{"self":[{"href":"https:\/\/defunc.com\/sv\/wp-json\/wp\/v2\/pages\/1629","targetHints":{"allow":["GET"]}}],"collection":[{"href":"https:\/\/defunc.com\/sv\/wp-json\/wp\/v2\/pages"}],"about":[{"href":"https:\/\/defunc.com\/sv\/wp-json\/wp\/v2\/types\/page"}],"author":[{"embeddable":true,"href":"https:\/\/defunc.com\/sv\/wp-json\/wp\/v2\/users\/1"}],"replies":[{"embeddable":true,"href":"https:\/\/defunc.com\/sv\/wp-json\/wp\/v2\/comments?post=1629"}],"version-history":[{"count":35,"href":"https:\/\/defunc.com\/sv\/wp-json\/wp\/v2\/pages\/1629\/revisions"}],"predecessor-version":[{"id":6050,"href":"https:\/\/defunc.com\/sv\/wp-json\/wp\/v2\/pages\/1629\/revisions\/6050"}],"wp:attachment":[{"href":"https:\/\/defunc.com\/sv\/wp-json\/wp\/v2\/media?parent=1629"}],"curies":[{"name":"wp","href":"https:\/\/api.w.org\/{rel}","templated":true}]}}