{"id":1779,"date":"2022-02-15T15:16:53","date_gmt":"2022-02-15T15:16:53","guid":{"rendered":"https:\/\/greatgraphics.se\/tempsites\/defuncv2\/behind-the-sound-scenes\/"},"modified":"2022-04-11T22:47:00","modified_gmt":"2022-04-11T20:47:00","slug":"bakom-ljudkulisserna","status":"publish","type":"page","link":"https:\/\/defunc.com\/sv\/bakom-ljudkulisserna\/","title":{"rendered":"BAKOM LJUDKULISSERNA"},"content":{"rendered":"\n<p>V\u00e5r multiroom-h\u00f6gtalare ger dig ett smart och kraftfullt ljud. Men hur? Ljudingenj\u00f6ren och akustikern Henrik Isaksson ber\u00e4ttar om hur Defunc HOME blev till.<\/p>\n\n\n\n<figure class=\"wp-block-image size-full is-resized\"><img loading=\"lazy\" decoding=\"async\" src=\"https:\/\/greatgraphics.se\/tempsites\/defuncv2\/wp-content\/uploads\/2022\/03\/akustik-henrik.jpg\" alt=\"\" class=\"wp-image-1685\" width=\"838\" height=\"559\" srcset=\"https:\/\/defunc.com\/wp-content\/uploads\/2022\/03\/akustik-henrik.jpg 1000w, https:\/\/defunc.com\/wp-content\/uploads\/2022\/03\/akustik-henrik-300x200.jpg 300w, https:\/\/defunc.com\/wp-content\/uploads\/2022\/03\/akustik-henrik-768x512.jpg 768w, https:\/\/defunc.com\/wp-content\/uploads\/2022\/03\/akustik-henrik-150x100.jpg 150w, https:\/\/defunc.com\/wp-content\/uploads\/2022\/03\/akustik-henrik-600x400.jpg 600w\" sizes=\"auto, (max-width: 838px) 100vw, 838px\" \/><\/figure>\n\n\n\n<p><strong>Vad var m\u00e5let med Defunc HOME?<\/strong><\/p>\n\n\n\n<p>Teamet och jag har fokuserat p\u00e5 tv\u00e5 huvudm\u00e5l. Det f\u00f6rsta m\u00e5let var att skapa en neutral ljud\u00e5tergivning. Det betyder att alla genrer och ljudtyper passar h\u00f6gtalaren och att musiken som spelas l\u00e5ter som artisten och producenten t\u00e4nkte. Det andra m\u00e5let var att skapa en passande ljudspridning f\u00f6r hemmilj\u00f6er, d\u00e4r lyssnaren kan r\u00f6ra sig fritt i ett rum utan att ljudet blir matt och tr\u00e5kigt. Det betyder att din musik l\u00e5ter n\u00e4stan likadant var du \u00e4n befinner dig.<\/p>\n\n\n\n<p><strong>Hur n\u00e5ddes m\u00e5let f\u00f6r neutral ljud\u00e5tergivning?<\/strong><\/p>\n\n\n\n<p>Vi l\u00f6ste utmaningen med neutrala ljud\u00e5tergivning genom att utrusta h\u00f6gtalarna med en l\u00e5ngslagsbas och en basreflexl\u00f6sning, d\u00e4r de l\u00e4gsta frekvenserna sprids genom en liten \u00f6ppning p\u00e5 h\u00f6gtalarens baksida. Vi har ocks\u00e5 valt h\u00f6gtalardrivrutiner och f\u00f6rst\u00e4rkare som ger l\u00e5g distorsion, vilket ger ett klart, krispigt ljud<\/p>\n\n\n\n<p><strong>Hur n\u00e5ddes ljudspridningsm\u00e5let?<\/strong><\/p>\n\n\n\n<p>Vi l\u00f6ste spridningsutmaningen med en design d\u00e4r h\u00f6gtalarens ljudv\u00e5gor sprids sf\u00e4riskt, till skillnad fr\u00e5n bara rakt fram\u00e5t, genom en noggrann balans av storlekarna och positionerna f\u00f6r basen och diskanten. Spridningen \u00e4r b\u00e5de vertikalt och horisontellt balanserad.<\/p>\n\n\n\n<p><strong>Vad \u00e4r dina proffstips f\u00f6r hur man anv\u00e4nder Defunc HOME?<\/strong><\/p>\n\n\n\n<p>H\u00f6gtalaren \u00e4r avsedd att placeras n\u00e4ra en v\u00e4gg eller i ett h\u00f6rn. Ljudet kan optimeras f\u00f6r olika placeringar, till exempel p\u00e5 en hylla eller i ett takh\u00f6rn, med hj\u00e4lp av speciella EQ-inst\u00e4llningar i kontrollappen. Placera tv\u00e5 h\u00f6gtalare med cirka tv\u00e5 meters mellanrum f\u00f6r att f\u00e5 en \u00e4nnu b\u00e4ttre upplevelse i \u00e4kta stereo.&nbsp;<\/p>\n\n\n\n<p><strong>Hur kan man f\u00f6rb\u00e4ttra ljudupplevelsen i hemmet?<\/strong><\/p>\n\n\n\n<p>Modern inredning, t\u00e4nk \u00f6ppna planl\u00f6sningar och inga gardiner, ger l\u00e4tt upphov till sv\u00e5righeter f\u00f6r hj\u00e4rnan n\u00e4r ljudv\u00e5gorna studsar runt. Att inreda med fibermaterial som mattor, tjockare gardiner och tygkl\u00e4dda m\u00f6bler f\u00f6rb\u00e4ttrar situationen. Om du dessutom vill h\u00f6ra ljudet klarast b\u00f6r du lyssna p\u00e5 h\u00f6gtalare fr\u00e5n h\u00f6gst cirka 2-3 meters avst\u00e5nd.<\/p>\n\n\n\n<p><strong>N\u00e5gra sammanfattande ord om Defunc HOME?<\/strong><\/p>\n\n\n\n<p>Vi har kommit s\u00e5 l\u00e5ngt man kan med den h\u00e4r typen av relativt sm\u00e5 h\u00f6gtalare n\u00e4r det g\u00e4ller klart ljud och bas. Jag \u00e4r stolt \u00f6ver att kunna s\u00e4ga att vi inte har anv\u00e4nt n\u00e5gra branschtrick med Defunc HOME, vilket \u00e4r ganska vanligt n\u00e4r det kommer till h\u00f6gtalarbas i detta format. Det hela \u00e4r faktiskt ganska snitsigt.<\/p>\n\n\n\n<p><strong>Sist men inte minst, vad \u00e4r bra ljud enligt dig?<\/strong><\/p>\n\n\n\n<p>Att kunna \u00e5terge musik som den var t\u00e4nkt att l\u00e5ta s\u00e5 l\u00e5ngt som m\u00f6jligt. Att skapa en j\u00e4mn ljudbalans, kontrollerad spridning samt l\u00e5g distorsion, och p\u00e5 s\u00e5 s\u00e4tt optimera alla typiska hi-fi-parametrar, s\u00e5som ljudbild och musikalitet. Jag skulle s\u00e4ga att vi har n\u00e5tt dessa krav med Defunc HOME.<\/p>\n\n\n\n<p><strong>OM HENRIK<\/strong><\/p>\n\n\n\n<p>Henrik Isaksson, ansvarig f\u00f6r att utveckla ljudbilden i Defunc HOME, byggde sina f\u00f6rsta h\u00f6gtalare i tidig 20-\u00e5rs\u00e5lder. Efter en masterexamen i akustik fortsatte han att arbeta med ljud i alla dess former \u2013 fr\u00e5n bruskontroll till akustiska komponenter och produktljuddesign f\u00f6r flera av v\u00e4rldens st\u00f6rsta och mest framst\u00e5ende teknikf\u00f6retag. Nu \u00e4r Henrik Isaksson tillbaka p\u00e5 sin hemmaplan i Stockholm och har sett till att Defunc HOME l\u00e5ter helt r\u00e4tt.<\/p>\n","protected":false},"excerpt":{"rendered":"<p>V\u00e5r multiroom-h\u00f6gtalare ger dig ett smart och kraftfullt ljud. Men hur? Ljudingenj\u00f6ren och akustikern Henrik Isaksson ber\u00e4ttar om hur Defunc HOME blev till. Vad var m\u00e5let med Defunc HOME? Teamet och jag har fokuserat p\u00e5&#8230;<\/p>\n","protected":false},"author":1,"featured_media":0,"parent":0,"menu_order":0,"comment_status":"closed","ping_status":"closed","template":"","meta":{"_acf_changed":false,"footnotes":""},"class_list":["post-1779","page","type-page","status-publish","hentry"],"acf":[],"yoast_head":"<!-- This site is optimized with the Yoast SEO Premium plugin v27.1 (Yoast SEO v27.4) - https:\/\/yoast.com\/product\/yoast-seo-premium-wordpress\/ -->\n<title>BAKOM LJUDKULISSERNA | Defunc<\/title>\n<meta name=\"robots\" content=\"index, follow, max-snippet:-1, max-image-preview:large, max-video-preview:-1\" \/>\n<link rel=\"canonical\" href=\"https:\/\/defunc.com\/sv\/bakom-ljudkulisserna\/\" \/>\n<meta property=\"og:locale\" content=\"sv_SE\" \/>\n<meta property=\"og:type\" content=\"article\" \/>\n<meta property=\"og:title\" content=\"BAKOM LJUDKULISSERNA\" \/>\n<meta property=\"og:description\" content=\"V\u00e5r multiroom-h\u00f6gtalare ger dig ett smart och kraftfullt ljud. Men hur? Ljudingenj\u00f6ren och akustikern Henrik Isaksson ber\u00e4ttar om hur Defunc HOME blev till. Vad var m\u00e5let med Defunc HOME? Teamet och jag har fokuserat p\u00e5...\" \/>\n<meta property=\"og:url\" content=\"https:\/\/defunc.com\/sv\/bakom-ljudkulisserna\/\" \/>\n<meta property=\"og:site_name\" content=\"Defunc\" \/>\n<meta property=\"article:publisher\" content=\"https:\/\/www.facebook.com\/defuncglobal\/\" \/>\n<meta property=\"article:modified_time\" content=\"2022-04-11T20:47:00+00:00\" \/>\n<meta property=\"og:image\" content=\"https:\/\/greatgraphics.se\/tempsites\/defuncv2\/wp-content\/uploads\/2022\/03\/akustik-henrik.jpg\" \/>\n<meta name=\"twitter:card\" content=\"summary_large_image\" \/>\n<meta name=\"twitter:label1\" content=\"Ber\u00e4knad l\u00e4stid\" \/>\n\t<meta name=\"twitter:data1\" content=\"3 minuter\" \/>\n<script type=\"application\/ld+json\" class=\"yoast-schema-graph\">{\"@context\":\"https:\\\/\\\/schema.org\",\"@graph\":[{\"@type\":\"WebPage\",\"@id\":\"https:\\\/\\\/defunc.com\\\/sv\\\/bakom-ljudkulisserna\\\/\",\"url\":\"https:\\\/\\\/defunc.com\\\/sv\\\/bakom-ljudkulisserna\\\/\",\"name\":\"BAKOM LJUDKULISSERNA | Defunc\",\"isPartOf\":{\"@id\":\"https:\\\/\\\/defunc.com\\\/sv\\\/#website\"},\"primaryImageOfPage\":{\"@id\":\"https:\\\/\\\/defunc.com\\\/sv\\\/bakom-ljudkulisserna\\\/#primaryimage\"},\"image\":{\"@id\":\"https:\\\/\\\/defunc.com\\\/sv\\\/bakom-ljudkulisserna\\\/#primaryimage\"},\"thumbnailUrl\":\"https:\\\/\\\/greatgraphics.se\\\/tempsites\\\/defuncv2\\\/wp-content\\\/uploads\\\/2022\\\/03\\\/akustik-henrik.jpg\",\"datePublished\":\"2022-02-15T15:16:53+00:00\",\"dateModified\":\"2022-04-11T20:47:00+00:00\",\"breadcrumb\":{\"@id\":\"https:\\\/\\\/defunc.com\\\/sv\\\/bakom-ljudkulisserna\\\/#breadcrumb\"},\"inLanguage\":\"sv-SE\",\"potentialAction\":[{\"@type\":\"ReadAction\",\"target\":[\"https:\\\/\\\/defunc.com\\\/sv\\\/bakom-ljudkulisserna\\\/\"]}]},{\"@type\":\"ImageObject\",\"inLanguage\":\"sv-SE\",\"@id\":\"https:\\\/\\\/defunc.com\\\/sv\\\/bakom-ljudkulisserna\\\/#primaryimage\",\"url\":\"https:\\\/\\\/greatgraphics.se\\\/tempsites\\\/defuncv2\\\/wp-content\\\/uploads\\\/2022\\\/03\\\/akustik-henrik.jpg\",\"contentUrl\":\"https:\\\/\\\/greatgraphics.se\\\/tempsites\\\/defuncv2\\\/wp-content\\\/uploads\\\/2022\\\/03\\\/akustik-henrik.jpg\"},{\"@type\":\"BreadcrumbList\",\"@id\":\"https:\\\/\\\/defunc.com\\\/sv\\\/bakom-ljudkulisserna\\\/#breadcrumb\",\"itemListElement\":[{\"@type\":\"ListItem\",\"position\":1,\"name\":\"Home\",\"item\":\"https:\\\/\\\/defunc.com\\\/sv\\\/\"},{\"@type\":\"ListItem\",\"position\":2,\"name\":\"BAKOM LJUDKULISSERNA\"}]},{\"@type\":\"WebSite\",\"@id\":\"https:\\\/\\\/defunc.com\\\/sv\\\/#website\",\"url\":\"https:\\\/\\\/defunc.com\\\/sv\\\/\",\"name\":\"Defunc\",\"description\":\"Speakers and Earbuds - Everything we do is design &amp; function\",\"publisher\":{\"@id\":\"https:\\\/\\\/defunc.com\\\/sv\\\/#organization\"},\"potentialAction\":[{\"@type\":\"SearchAction\",\"target\":{\"@type\":\"EntryPoint\",\"urlTemplate\":\"https:\\\/\\\/defunc.com\\\/sv\\\/?s={search_term_string}\"},\"query-input\":{\"@type\":\"PropertyValueSpecification\",\"valueRequired\":true,\"valueName\":\"search_term_string\"}}],\"inLanguage\":\"sv-SE\"},{\"@type\":\"Organization\",\"@id\":\"https:\\\/\\\/defunc.com\\\/sv\\\/#organization\",\"name\":\"Defunc\",\"url\":\"https:\\\/\\\/defunc.com\\\/sv\\\/\",\"logo\":{\"@type\":\"ImageObject\",\"inLanguage\":\"sv-SE\",\"@id\":\"https:\\\/\\\/defunc.com\\\/sv\\\/#\\\/schema\\\/logo\\\/image\\\/\",\"url\":\"https:\\\/\\\/defunc.com\\\/wp-content\\\/uploads\\\/2022\\\/03\\\/defunc-logo-black.png\",\"contentUrl\":\"https:\\\/\\\/defunc.com\\\/wp-content\\\/uploads\\\/2022\\\/03\\\/defunc-logo-black.png\",\"width\":2560,\"height\":637,\"caption\":\"Defunc\"},\"image\":{\"@id\":\"https:\\\/\\\/defunc.com\\\/sv\\\/#\\\/schema\\\/logo\\\/image\\\/\"},\"sameAs\":[\"https:\\\/\\\/www.facebook.com\\\/defuncglobal\\\/\",\"https:\\\/\\\/www.instagram.com\\\/defuncglobal\\\/?hl=sv\",\"https:\\\/\\\/www.linkedin.com\\\/company\\\/defunc\\\/?originalSubdomain=se\",\"https:\\\/\\\/www.youtube.com\\\/channel\\\/UC9_cffHmeXEn9_6LTrazRxA\"],\"publishingPrinciples\":\"https:\\\/\\\/defunc.com\\\/support\\\/terms-conditions\\\/\"}]}<\/script>\n<!-- \/ Yoast SEO Premium plugin. -->","yoast_head_json":{"title":"BAKOM LJUDKULISSERNA | Defunc","robots":{"index":"index","follow":"follow","max-snippet":"max-snippet:-1","max-image-preview":"max-image-preview:large","max-video-preview":"max-video-preview:-1"},"canonical":"https:\/\/defunc.com\/sv\/bakom-ljudkulisserna\/","og_locale":"sv_SE","og_type":"article","og_title":"BAKOM LJUDKULISSERNA","og_description":"V\u00e5r multiroom-h\u00f6gtalare ger dig ett smart och kraftfullt ljud. Men hur? Ljudingenj\u00f6ren och akustikern Henrik Isaksson ber\u00e4ttar om hur Defunc HOME blev till. Vad var m\u00e5let med Defunc HOME? Teamet och jag har fokuserat p\u00e5...","og_url":"https:\/\/defunc.com\/sv\/bakom-ljudkulisserna\/","og_site_name":"Defunc","article_publisher":"https:\/\/www.facebook.com\/defuncglobal\/","article_modified_time":"2022-04-11T20:47:00+00:00","og_image":[{"url":"https:\/\/greatgraphics.se\/tempsites\/defuncv2\/wp-content\/uploads\/2022\/03\/akustik-henrik.jpg","type":"","width":"","height":""}],"twitter_card":"summary_large_image","twitter_misc":{"Ber\u00e4knad l\u00e4stid":"3 minuter"},"schema":{"@context":"https:\/\/schema.org","@graph":[{"@type":"WebPage","@id":"https:\/\/defunc.com\/sv\/bakom-ljudkulisserna\/","url":"https:\/\/defunc.com\/sv\/bakom-ljudkulisserna\/","name":"BAKOM LJUDKULISSERNA | Defunc","isPartOf":{"@id":"https:\/\/defunc.com\/sv\/#website"},"primaryImageOfPage":{"@id":"https:\/\/defunc.com\/sv\/bakom-ljudkulisserna\/#primaryimage"},"image":{"@id":"https:\/\/defunc.com\/sv\/bakom-ljudkulisserna\/#primaryimage"},"thumbnailUrl":"https:\/\/greatgraphics.se\/tempsites\/defuncv2\/wp-content\/uploads\/2022\/03\/akustik-henrik.jpg","datePublished":"2022-02-15T15:16:53+00:00","dateModified":"2022-04-11T20:47:00+00:00","breadcrumb":{"@id":"https:\/\/defunc.com\/sv\/bakom-ljudkulisserna\/#breadcrumb"},"inLanguage":"sv-SE","potentialAction":[{"@type":"ReadAction","target":["https:\/\/defunc.com\/sv\/bakom-ljudkulisserna\/"]}]},{"@type":"ImageObject","inLanguage":"sv-SE","@id":"https:\/\/defunc.com\/sv\/bakom-ljudkulisserna\/#primaryimage","url":"https:\/\/greatgraphics.se\/tempsites\/defuncv2\/wp-content\/uploads\/2022\/03\/akustik-henrik.jpg","contentUrl":"https:\/\/greatgraphics.se\/tempsites\/defuncv2\/wp-content\/uploads\/2022\/03\/akustik-henrik.jpg"},{"@type":"BreadcrumbList","@id":"https:\/\/defunc.com\/sv\/bakom-ljudkulisserna\/#breadcrumb","itemListElement":[{"@type":"ListItem","position":1,"name":"Home","item":"https:\/\/defunc.com\/sv\/"},{"@type":"ListItem","position":2,"name":"BAKOM LJUDKULISSERNA"}]},{"@type":"WebSite","@id":"https:\/\/defunc.com\/sv\/#website","url":"https:\/\/defunc.com\/sv\/","name":"Defunc","description":"Speakers and Earbuds - Everything we do is design &amp; function","publisher":{"@id":"https:\/\/defunc.com\/sv\/#organization"},"potentialAction":[{"@type":"SearchAction","target":{"@type":"EntryPoint","urlTemplate":"https:\/\/defunc.com\/sv\/?s={search_term_string}"},"query-input":{"@type":"PropertyValueSpecification","valueRequired":true,"valueName":"search_term_string"}}],"inLanguage":"sv-SE"},{"@type":"Organization","@id":"https:\/\/defunc.com\/sv\/#organization","name":"Defunc","url":"https:\/\/defunc.com\/sv\/","logo":{"@type":"ImageObject","inLanguage":"sv-SE","@id":"https:\/\/defunc.com\/sv\/#\/schema\/logo\/image\/","url":"https:\/\/defunc.com\/wp-content\/uploads\/2022\/03\/defunc-logo-black.png","contentUrl":"https:\/\/defunc.com\/wp-content\/uploads\/2022\/03\/defunc-logo-black.png","width":2560,"height":637,"caption":"Defunc"},"image":{"@id":"https:\/\/defunc.com\/sv\/#\/schema\/logo\/image\/"},"sameAs":["https:\/\/www.facebook.com\/defuncglobal\/","https:\/\/www.instagram.com\/defuncglobal\/?hl=sv","https:\/\/www.linkedin.com\/company\/defunc\/?originalSubdomain=se","https:\/\/www.youtube.com\/channel\/UC9_cffHmeXEn9_6LTrazRxA"],"publishingPrinciples":"https:\/\/defunc.com\/support\/terms-conditions\/"}]}},"jetpack_sharing_enabled":true,"_links":{"self":[{"href":"https:\/\/defunc.com\/sv\/wp-json\/wp\/v2\/pages\/1779","targetHints":{"allow":["GET"]}}],"collection":[{"href":"https:\/\/defunc.com\/sv\/wp-json\/wp\/v2\/pages"}],"about":[{"href":"https:\/\/defunc.com\/sv\/wp-json\/wp\/v2\/types\/page"}],"author":[{"embeddable":true,"href":"https:\/\/defunc.com\/sv\/wp-json\/wp\/v2\/users\/1"}],"replies":[{"embeddable":true,"href":"https:\/\/defunc.com\/sv\/wp-json\/wp\/v2\/comments?post=1779"}],"version-history":[{"count":2,"href":"https:\/\/defunc.com\/sv\/wp-json\/wp\/v2\/pages\/1779\/revisions"}],"predecessor-version":[{"id":2534,"href":"https:\/\/defunc.com\/sv\/wp-json\/wp\/v2\/pages\/1779\/revisions\/2534"}],"wp:attachment":[{"href":"https:\/\/defunc.com\/sv\/wp-json\/wp\/v2\/media?parent=1779"}],"curies":[{"name":"wp","href":"https:\/\/api.w.org\/{rel}","templated":true}]}}