{"id":1816,"date":"2022-02-25T14:39:23","date_gmt":"2022-02-25T14:39:23","guid":{"rendered":"https:\/\/greatgraphics.se\/tempsites\/defuncv2\/support\/defunc-apps\/"},"modified":"2022-04-08T06:33:11","modified_gmt":"2022-04-08T06:33:11","slug":"defunc-appar","status":"publish","type":"page","link":"https:\/\/defunc.com\/sv\/support\/defunc-appar\/","title":{"rendered":"Defunc appar"},"content":{"rendered":"\n<figure class=\"wp-block-image size-large\"><img loading=\"lazy\" decoding=\"async\" width=\"1024\" height=\"513\" src=\"https:\/\/greatgraphics.se\/tempsites\/defuncv2\/wp-content\/uploads\/2022\/03\/defun-home-apps-1024x513.jpg\" alt=\"\" class=\"wp-image-2135\" srcset=\"https:\/\/defunc.com\/wp-content\/uploads\/2022\/03\/defun-home-apps-1024x513.jpg 1024w, https:\/\/defunc.com\/wp-content\/uploads\/2022\/03\/defun-home-apps-1000x501.jpg 1000w, https:\/\/defunc.com\/wp-content\/uploads\/2022\/03\/defun-home-apps-300x150.jpg 300w, https:\/\/defunc.com\/wp-content\/uploads\/2022\/03\/defun-home-apps-768x385.jpg 768w, https:\/\/defunc.com\/wp-content\/uploads\/2022\/03\/defun-home-apps-200x100.jpg 200w, https:\/\/defunc.com\/wp-content\/uploads\/2022\/03\/defun-home-apps-600x301.jpg 600w, https:\/\/defunc.com\/wp-content\/uploads\/2022\/03\/defun-home-apps.jpg 1508w\" sizes=\"auto, (max-width: 1024px) 100vw, 1024px\" \/><\/figure>\n\n\n\n<p><strong>Defunc Home<\/strong><\/p>\n\n\n\n<p>Ladda ner Defunc HOME-appen, tillg\u00e4nglig i App Store eller p\u00e5 Google Play, och njut av att din h\u00f6gtalarinstallation sker via ett Wi-Fi-n\u00e4tverk, vilket g\u00f6r det m\u00f6jligt f\u00f6r dig att placera dina h\u00f6gtalare i olika rum och styra ditt ljud med Defunc HOME app. Defunc HOME-appen l\u00e5ter dig justera volymen, st\u00e4lla in EQ, anv\u00e4nda placerings-EQ, gruppera\/gruppera upp dina h\u00f6gtalare, st\u00e4lla in stereo\/mono p\u00e5 ett enkelt s\u00e4tt och mer.<\/p>\n\n\n\n<p><a href=\"https:\/\/apps.apple.com\/se\/app\/defunc-home\/id1575861605\">Ladda ned fr\u00e5n Appstore<\/a><\/p>\n\n\n\n<p><a href=\"https:\/\/play.google.com\/store\/apps\/details?id=com.wifiaudio.defunc\">Ladda ned fr\u00e5n Google Play<\/a><\/p>\n\n\n\n<p>N\u00e4r du har installerat appen, f\u00f6lj dessa steg och b\u00f6rja njuta av din favoritmusik.<\/p>\n\n\n\n<p>\u2022 \u00d6ppna Defunc HOME-appen.<br>\u2022 Det f\u00f6rsta appen g\u00f6r \u00e4r att s\u00f6ka efter h\u00f6gtalare som redan har konfigurerats. Eftersom det h\u00e4r \u00e4r f\u00f6rsta g\u00e5ngen du konfigurerar kommer ingen h\u00f6gtalare att hittas. Tryck d\u00e4rf\u00f6r p\u00e5 &#8221;L\u00e4gg till h\u00f6gtalare&#8221; f\u00f6r att starta. Bluetooth anv\u00e4nds av appen f\u00f6r att hitta din h\u00f6gtalare, s\u00e5 se till att enhetens Bluetooth \u00e4r p\u00e5slaget.<br>\u2022 Till\u00e5t appen att komma \u00e5t enhetens plats och tryck sedan p\u00e5 &#8221;N\u00e4sta&#8221;.<br>\u2022 Se till att h\u00f6gtalaren \u00e4r ansluten och tryck sedan p\u00e5 \u201dN\u00e4sta\u201d.<br>\u2022 Se till att den v\u00e4nstra LED-indikatorn p\u00e5 h\u00f6gtalarens framsida blinkar med en gul f\u00e4rg. Kontrollera att den blinkar genom att trycka p\u00e5 &#8221;Indikatorn blinkar.&#8221; Om indikatorn inte blinkar, tryck p\u00e5 &#8221;Indikatorn blinkar inte&#8221; och f\u00f6lj instruktionerna p\u00e5 sk\u00e4rmen.<br>\u2022 Appen listar alla tillg\u00e4ngliga h\u00f6gtalare som \u201dDefunc HOME SMALL XXXX\u201d och \u201dDefunc HOME LARGE XXXX\u201d. Tryck p\u00e5 h\u00f6gtalaren som du vill st\u00e4lla in och tryck sedan p\u00e5 &#8221;N\u00e4sta&#8221;. Observera: Den f\u00f6rsta talaren i listan \u00e4r alltid f\u00f6rvald.<br>\u2022 I n\u00e4sta steg kommer du att ansluta din h\u00f6gtalare till ditt Wi-Fi-n\u00e4tverk. Appen har automatiskt valt det Wi-Fi som din enhet \u00e4r ansluten till och har \u00e4ven fyllt i l\u00f6senordet automatiskt. Tryck bara p\u00e5 &#8221;N\u00e4sta&#8221; eller \u00e4ndra Wi-Fi-n\u00e4tverk och l\u00f6senord f\u00f6rst.<br>\u2022Din h\u00f6gtalare ansluter nu till ditt Wi-Fi-n\u00e4tverk. Appen kommer att bekr\u00e4fta en lyckad anslutning via r\u00f6st och p\u00e5 sk\u00e4rmen. Tryck p\u00e5 \u201dN\u00e4sta\u201d f\u00f6r att forts\u00e4tta.<br>\u2022 Appen letar nu efter en appuppdatering. N\u00e4r det \u00e4r klart kommer appen att g\u00e5 till n\u00e4sta sk\u00e4rm.<br>\u2022 Det \u00e4r nu dags att namnge din h\u00f6gtalare. H\u00f6gtalaren har ett f\u00f6rinst\u00e4llt produktnamn i appen. Du kan beh\u00e5lla detta namn, \u00e4ndra det till ett annat f\u00f6rinst\u00e4llt namn eller skapa ditt eget namn. Tryck p\u00e5 pilen i det \u00f6vre h\u00f6gra h\u00f6rnet p\u00e5 sk\u00e4rmen n\u00e4r du \u00e4r klar<br>\u2022 Njut av din favoritspellista<\/p>\n\n\n\n<hr class=\"wp-block-separator my-8\"\/>\n\n\n\n<figure class=\"wp-block-image size-large\"><img loading=\"lazy\" decoding=\"async\" width=\"1024\" height=\"513\" src=\"https:\/\/greatgraphics.se\/tempsites\/defuncv2\/wp-content\/uploads\/2022\/03\/defun-tws-apps-1024x513.jpg\" alt=\"\" class=\"wp-image-2139\" srcset=\"https:\/\/defunc.com\/wp-content\/uploads\/2022\/03\/defun-tws-apps-1024x513.jpg 1024w, https:\/\/defunc.com\/wp-content\/uploads\/2022\/03\/defun-tws-apps-1000x501.jpg 1000w, https:\/\/defunc.com\/wp-content\/uploads\/2022\/03\/defun-tws-apps-300x150.jpg 300w, https:\/\/defunc.com\/wp-content\/uploads\/2022\/03\/defun-tws-apps-768x385.jpg 768w, https:\/\/defunc.com\/wp-content\/uploads\/2022\/03\/defun-tws-apps-200x100.jpg 200w, https:\/\/defunc.com\/wp-content\/uploads\/2022\/03\/defun-tws-apps-600x301.jpg 600w, https:\/\/defunc.com\/wp-content\/uploads\/2022\/03\/defun-tws-apps.jpg 1508w\" sizes=\"auto, (max-width: 1024px) 100vw, 1024px\" \/><\/figure>\n\n\n\n<p><strong>Defunc True Audio<\/strong><\/p>\n\n\n\n<p>Ladda ner appen \u201dDEFUNC TWS\u201d d\u00e4r du hittar dina appar, antingen p\u00e5 App Store eller Google Play (se l\u00e4nkar nedan). L\u00e4gg till din enhet och v\u00e4lj equalizer-inst\u00e4llningar genom att anv\u00e4nda v\u00e5ra f\u00f6rinst\u00e4llningar eller genom att skapa din egen personliga inst\u00e4llning. Om du anv\u00e4nder din Defunc TRUE AUDIO utan appen \u201dDEFUNC TWS\u201d, kommer du att lyssna med standardljudinst\u00e4llningarna f\u00f6r att passa alla musikgenrer, medan anv\u00e4ndningen av appen g\u00f6r dina h\u00f6rlurar helt personaliserade f\u00f6r att passa dina individuella preferenser.<\/p>\n\n\n\n<p><a href=\"https:\/\/apps.apple.com\/se\/app\/defunc-tws\/id1599089423\">Ladda ned fr\u00e5n Appstore<\/a><\/p>\n\n\n\n<p><a href=\"https:\/\/play.google.com\/store\/apps\/details?id=com.defunctws.smart\">Ladda ned fr\u00e5n Google Play<\/a><\/p>\n\n\n\n<p>N\u00e4r du har installerat appen f\u00f6ljer du dessa steg f\u00f6r att njuta av din alldeles egna ljudupplevelse<\/p>\n\n\n\n<p>\u2022 \u00d6ppna appen \u201dDEFUNC TWS\u201d och tryck p\u00e5 \u201dL\u00e4gg till enhet\u201d (eller +-tecknet i det \u00f6vre h\u00f6gra h\u00f6rnet).<br>\u2022 Om enheten inte visas automatiskt, tryck p\u00e5 \u201dAUTO SCAN\u201d och l\u00e4gg till Defunc TRUE AUDIO d\u00e4r.<br>\u2022 Se till att dina h\u00f6rlurar &#8221;Defunc TRUE AUDIO&#8221; \u00e4r p\u00e5slagna, s\u00e5 du kan se din TRUE AUDIO-produkt listad.<br>\u2022 Tryck p\u00e5 \u201dDone\u201d i det \u00f6vre h\u00f6gra h\u00f6rnet. Nu kan du b\u00f6rja anv\u00e4nda appen och dess funktioner.<\/p>\n","protected":false},"excerpt":{"rendered":"<p>Defunc Home Ladda ner Defunc HOME-appen, tillg\u00e4nglig i App Store eller p\u00e5 Google Play, och njut av att din h\u00f6gtalarinstallation sker via ett Wi-Fi-n\u00e4tverk, vilket g\u00f6r det m\u00f6jligt f\u00f6r dig att placera dina h\u00f6gtalare i&#8230;<\/p>\n","protected":false},"author":1,"featured_media":0,"parent":1814,"menu_order":0,"comment_status":"closed","ping_status":"closed","template":"","meta":{"_acf_changed":false,"footnotes":""},"class_list":["post-1816","page","type-page","status-publish","hentry"],"acf":[],"yoast_head":"<!-- This site is optimized with the Yoast SEO Premium plugin v27.1 (Yoast SEO v27.4) - https:\/\/yoast.com\/product\/yoast-seo-premium-wordpress\/ -->\n<title>Defunc appar | Defunc<\/title>\n<meta name=\"robots\" content=\"index, follow, max-snippet:-1, max-image-preview:large, max-video-preview:-1\" \/>\n<link rel=\"canonical\" href=\"https:\/\/defunc.com\/sv\/support\/defunc-appar\/\" \/>\n<meta property=\"og:locale\" content=\"sv_SE\" \/>\n<meta property=\"og:type\" content=\"article\" \/>\n<meta property=\"og:title\" content=\"Defunc appar\" \/>\n<meta property=\"og:description\" content=\"Defunc Home Ladda ner Defunc HOME-appen, tillg\u00e4nglig i App Store eller p\u00e5 Google Play, och njut av att din h\u00f6gtalarinstallation sker via ett Wi-Fi-n\u00e4tverk, vilket g\u00f6r det m\u00f6jligt f\u00f6r dig att placera dina h\u00f6gtalare i...\" \/>\n<meta property=\"og:url\" content=\"https:\/\/defunc.com\/sv\/support\/defunc-appar\/\" \/>\n<meta property=\"og:site_name\" content=\"Defunc\" \/>\n<meta property=\"article:publisher\" content=\"https:\/\/www.facebook.com\/defuncglobal\/\" \/>\n<meta property=\"article:modified_time\" content=\"2022-04-08T06:33:11+00:00\" \/>\n<meta property=\"og:image\" content=\"https:\/\/greatgraphics.se\/tempsites\/defuncv2\/wp-content\/uploads\/2022\/03\/defun-home-apps-1024x513.jpg\" \/>\n<meta name=\"twitter:card\" content=\"summary_large_image\" \/>\n<meta name=\"twitter:label1\" content=\"Ber\u00e4knad l\u00e4stid\" \/>\n\t<meta name=\"twitter:data1\" content=\"3 minuter\" \/>\n<script type=\"application\/ld+json\" class=\"yoast-schema-graph\">{\"@context\":\"https:\\\/\\\/schema.org\",\"@graph\":[{\"@type\":\"WebPage\",\"@id\":\"https:\\\/\\\/defunc.com\\\/sv\\\/support\\\/defunc-appar\\\/\",\"url\":\"https:\\\/\\\/defunc.com\\\/sv\\\/support\\\/defunc-appar\\\/\",\"name\":\"Defunc appar | Defunc\",\"isPartOf\":{\"@id\":\"https:\\\/\\\/defunc.com\\\/sv\\\/#website\"},\"primaryImageOfPage\":{\"@id\":\"https:\\\/\\\/defunc.com\\\/sv\\\/support\\\/defunc-appar\\\/#primaryimage\"},\"image\":{\"@id\":\"https:\\\/\\\/defunc.com\\\/sv\\\/support\\\/defunc-appar\\\/#primaryimage\"},\"thumbnailUrl\":\"https:\\\/\\\/greatgraphics.se\\\/tempsites\\\/defuncv2\\\/wp-content\\\/uploads\\\/2022\\\/03\\\/defun-home-apps-1024x513.jpg\",\"datePublished\":\"2022-02-25T14:39:23+00:00\",\"dateModified\":\"2022-04-08T06:33:11+00:00\",\"breadcrumb\":{\"@id\":\"https:\\\/\\\/defunc.com\\\/sv\\\/support\\\/defunc-appar\\\/#breadcrumb\"},\"inLanguage\":\"sv-SE\",\"potentialAction\":[{\"@type\":\"ReadAction\",\"target\":[\"https:\\\/\\\/defunc.com\\\/sv\\\/support\\\/defunc-appar\\\/\"]}]},{\"@type\":\"ImageObject\",\"inLanguage\":\"sv-SE\",\"@id\":\"https:\\\/\\\/defunc.com\\\/sv\\\/support\\\/defunc-appar\\\/#primaryimage\",\"url\":\"https:\\\/\\\/greatgraphics.se\\\/tempsites\\\/defuncv2\\\/wp-content\\\/uploads\\\/2022\\\/03\\\/defun-home-apps-1024x513.jpg\",\"contentUrl\":\"https:\\\/\\\/greatgraphics.se\\\/tempsites\\\/defuncv2\\\/wp-content\\\/uploads\\\/2022\\\/03\\\/defun-home-apps-1024x513.jpg\"},{\"@type\":\"BreadcrumbList\",\"@id\":\"https:\\\/\\\/defunc.com\\\/sv\\\/support\\\/defunc-appar\\\/#breadcrumb\",\"itemListElement\":[{\"@type\":\"ListItem\",\"position\":1,\"name\":\"Home\",\"item\":\"https:\\\/\\\/defunc.com\\\/sv\\\/\"},{\"@type\":\"ListItem\",\"position\":2,\"name\":\"Support\",\"item\":\"https:\\\/\\\/defunc.com\\\/sv\\\/support\\\/?lang=sv\"},{\"@type\":\"ListItem\",\"position\":3,\"name\":\"Defunc appar\"}]},{\"@type\":\"WebSite\",\"@id\":\"https:\\\/\\\/defunc.com\\\/sv\\\/#website\",\"url\":\"https:\\\/\\\/defunc.com\\\/sv\\\/\",\"name\":\"Defunc\",\"description\":\"Speakers and Earbuds - Everything we do is design &amp; function\",\"publisher\":{\"@id\":\"https:\\\/\\\/defunc.com\\\/sv\\\/#organization\"},\"potentialAction\":[{\"@type\":\"SearchAction\",\"target\":{\"@type\":\"EntryPoint\",\"urlTemplate\":\"https:\\\/\\\/defunc.com\\\/sv\\\/?s={search_term_string}\"},\"query-input\":{\"@type\":\"PropertyValueSpecification\",\"valueRequired\":true,\"valueName\":\"search_term_string\"}}],\"inLanguage\":\"sv-SE\"},{\"@type\":\"Organization\",\"@id\":\"https:\\\/\\\/defunc.com\\\/sv\\\/#organization\",\"name\":\"Defunc\",\"url\":\"https:\\\/\\\/defunc.com\\\/sv\\\/\",\"logo\":{\"@type\":\"ImageObject\",\"inLanguage\":\"sv-SE\",\"@id\":\"https:\\\/\\\/defunc.com\\\/sv\\\/#\\\/schema\\\/logo\\\/image\\\/\",\"url\":\"https:\\\/\\\/defunc.com\\\/wp-content\\\/uploads\\\/2022\\\/03\\\/defunc-logo-black.png\",\"contentUrl\":\"https:\\\/\\\/defunc.com\\\/wp-content\\\/uploads\\\/2022\\\/03\\\/defunc-logo-black.png\",\"width\":2560,\"height\":637,\"caption\":\"Defunc\"},\"image\":{\"@id\":\"https:\\\/\\\/defunc.com\\\/sv\\\/#\\\/schema\\\/logo\\\/image\\\/\"},\"sameAs\":[\"https:\\\/\\\/www.facebook.com\\\/defuncglobal\\\/\",\"https:\\\/\\\/www.instagram.com\\\/defuncglobal\\\/?hl=sv\",\"https:\\\/\\\/www.linkedin.com\\\/company\\\/defunc\\\/?originalSubdomain=se\",\"https:\\\/\\\/www.youtube.com\\\/channel\\\/UC9_cffHmeXEn9_6LTrazRxA\"],\"publishingPrinciples\":\"https:\\\/\\\/defunc.com\\\/support\\\/terms-conditions\\\/\"}]}<\/script>\n<!-- \/ Yoast SEO Premium plugin. -->","yoast_head_json":{"title":"Defunc appar | Defunc","robots":{"index":"index","follow":"follow","max-snippet":"max-snippet:-1","max-image-preview":"max-image-preview:large","max-video-preview":"max-video-preview:-1"},"canonical":"https:\/\/defunc.com\/sv\/support\/defunc-appar\/","og_locale":"sv_SE","og_type":"article","og_title":"Defunc appar","og_description":"Defunc Home Ladda ner Defunc HOME-appen, tillg\u00e4nglig i App Store eller p\u00e5 Google Play, och njut av att din h\u00f6gtalarinstallation sker via ett Wi-Fi-n\u00e4tverk, vilket g\u00f6r det m\u00f6jligt f\u00f6r dig att placera dina h\u00f6gtalare i...","og_url":"https:\/\/defunc.com\/sv\/support\/defunc-appar\/","og_site_name":"Defunc","article_publisher":"https:\/\/www.facebook.com\/defuncglobal\/","article_modified_time":"2022-04-08T06:33:11+00:00","og_image":[{"url":"https:\/\/greatgraphics.se\/tempsites\/defuncv2\/wp-content\/uploads\/2022\/03\/defun-home-apps-1024x513.jpg","type":"","width":"","height":""}],"twitter_card":"summary_large_image","twitter_misc":{"Ber\u00e4knad l\u00e4stid":"3 minuter"},"schema":{"@context":"https:\/\/schema.org","@graph":[{"@type":"WebPage","@id":"https:\/\/defunc.com\/sv\/support\/defunc-appar\/","url":"https:\/\/defunc.com\/sv\/support\/defunc-appar\/","name":"Defunc appar | Defunc","isPartOf":{"@id":"https:\/\/defunc.com\/sv\/#website"},"primaryImageOfPage":{"@id":"https:\/\/defunc.com\/sv\/support\/defunc-appar\/#primaryimage"},"image":{"@id":"https:\/\/defunc.com\/sv\/support\/defunc-appar\/#primaryimage"},"thumbnailUrl":"https:\/\/greatgraphics.se\/tempsites\/defuncv2\/wp-content\/uploads\/2022\/03\/defun-home-apps-1024x513.jpg","datePublished":"2022-02-25T14:39:23+00:00","dateModified":"2022-04-08T06:33:11+00:00","breadcrumb":{"@id":"https:\/\/defunc.com\/sv\/support\/defunc-appar\/#breadcrumb"},"inLanguage":"sv-SE","potentialAction":[{"@type":"ReadAction","target":["https:\/\/defunc.com\/sv\/support\/defunc-appar\/"]}]},{"@type":"ImageObject","inLanguage":"sv-SE","@id":"https:\/\/defunc.com\/sv\/support\/defunc-appar\/#primaryimage","url":"https:\/\/greatgraphics.se\/tempsites\/defuncv2\/wp-content\/uploads\/2022\/03\/defun-home-apps-1024x513.jpg","contentUrl":"https:\/\/greatgraphics.se\/tempsites\/defuncv2\/wp-content\/uploads\/2022\/03\/defun-home-apps-1024x513.jpg"},{"@type":"BreadcrumbList","@id":"https:\/\/defunc.com\/sv\/support\/defunc-appar\/#breadcrumb","itemListElement":[{"@type":"ListItem","position":1,"name":"Home","item":"https:\/\/defunc.com\/sv\/"},{"@type":"ListItem","position":2,"name":"Support","item":"https:\/\/defunc.com\/sv\/support\/?lang=sv"},{"@type":"ListItem","position":3,"name":"Defunc appar"}]},{"@type":"WebSite","@id":"https:\/\/defunc.com\/sv\/#website","url":"https:\/\/defunc.com\/sv\/","name":"Defunc","description":"Speakers and Earbuds - Everything we do is design &amp; function","publisher":{"@id":"https:\/\/defunc.com\/sv\/#organization"},"potentialAction":[{"@type":"SearchAction","target":{"@type":"EntryPoint","urlTemplate":"https:\/\/defunc.com\/sv\/?s={search_term_string}"},"query-input":{"@type":"PropertyValueSpecification","valueRequired":true,"valueName":"search_term_string"}}],"inLanguage":"sv-SE"},{"@type":"Organization","@id":"https:\/\/defunc.com\/sv\/#organization","name":"Defunc","url":"https:\/\/defunc.com\/sv\/","logo":{"@type":"ImageObject","inLanguage":"sv-SE","@id":"https:\/\/defunc.com\/sv\/#\/schema\/logo\/image\/","url":"https:\/\/defunc.com\/wp-content\/uploads\/2022\/03\/defunc-logo-black.png","contentUrl":"https:\/\/defunc.com\/wp-content\/uploads\/2022\/03\/defunc-logo-black.png","width":2560,"height":637,"caption":"Defunc"},"image":{"@id":"https:\/\/defunc.com\/sv\/#\/schema\/logo\/image\/"},"sameAs":["https:\/\/www.facebook.com\/defuncglobal\/","https:\/\/www.instagram.com\/defuncglobal\/?hl=sv","https:\/\/www.linkedin.com\/company\/defunc\/?originalSubdomain=se","https:\/\/www.youtube.com\/channel\/UC9_cffHmeXEn9_6LTrazRxA"],"publishingPrinciples":"https:\/\/defunc.com\/support\/terms-conditions\/"}]}},"jetpack_sharing_enabled":true,"_links":{"self":[{"href":"https:\/\/defunc.com\/sv\/wp-json\/wp\/v2\/pages\/1816","targetHints":{"allow":["GET"]}}],"collection":[{"href":"https:\/\/defunc.com\/sv\/wp-json\/wp\/v2\/pages"}],"about":[{"href":"https:\/\/defunc.com\/sv\/wp-json\/wp\/v2\/types\/page"}],"author":[{"embeddable":true,"href":"https:\/\/defunc.com\/sv\/wp-json\/wp\/v2\/users\/1"}],"replies":[{"embeddable":true,"href":"https:\/\/defunc.com\/sv\/wp-json\/wp\/v2\/comments?post=1816"}],"version-history":[{"count":7,"href":"https:\/\/defunc.com\/sv\/wp-json\/wp\/v2\/pages\/1816\/revisions"}],"predecessor-version":[{"id":2255,"href":"https:\/\/defunc.com\/sv\/wp-json\/wp\/v2\/pages\/1816\/revisions\/2255"}],"up":[{"embeddable":true,"href":"https:\/\/defunc.com\/sv\/wp-json\/wp\/v2\/pages\/1814"}],"wp:attachment":[{"href":"https:\/\/defunc.com\/sv\/wp-json\/wp\/v2\/media?parent=1816"}],"curies":[{"name":"wp","href":"https:\/\/api.w.org\/{rel}","templated":true}]}}