{"id":1822,"date":"2022-02-28T09:39:45","date_gmt":"2022-02-28T09:39:45","guid":{"rendered":"https:\/\/greatgraphics.se\/tempsites\/defuncv2\/support\/orders-shipping\/"},"modified":"2022-04-08T06:33:42","modified_gmt":"2022-04-08T06:33:42","slug":"order-frakt","status":"publish","type":"page","link":"https:\/\/defunc.com\/sv\/support\/order-frakt\/","title":{"rendered":"Order &#038; Frakt"},"content":{"rendered":"\n<p><strong><strong>Din orderstatus<\/strong><\/strong><\/p>\n\n\n\n<p>Efter att du har lagt en best\u00e4llning f\u00e5r du en orderbekr\u00e4ftelse fr\u00e5n oss. N\u00e4r din best\u00e4llning har skickats f\u00e5r du en leveransbekr\u00e4ftelse. Om du inte ser e-postmeddelandet i din inkorg, se till att kontrollera din skr\u00e4ppostmapp ocks\u00e5. Kontakta avsnittet &#8221;F\u00e5 support&#8221; om du beh\u00f6ver ytterligare hj\u00e4lp.<\/p>\n\n\n\n<p><strong><strong>Avbryta en best\u00e4llning<\/strong><\/strong><\/p>\n\n\n\n<p>Vi str\u00e4var efter att leverera din best\u00e4llning till dig s\u00e5 snabbt som m\u00f6jligt, s\u00e5 det finns bara en mycket liten tidsram f\u00f6r att \u00e5terkalla en best\u00e4llning p\u00e5 vardagar under europeisk kontorstid. Men om den \u00e4nnu inte har skickats ut kommer vi naturligtvis att g\u00f6ra allt vi kan f\u00f6r att avbryta eller \u00e4ndra din best\u00e4llning. V\u00e4nligen kontakta v\u00e5r kundsupport med f\u00f6ljande information:<\/p>\n\n\n\n<p>\u2022 Ditt best\u00e4llningsnummer.<\/p>\n\n\n\n<p>\u2022 Varf\u00f6r du vill avbryta din best\u00e4llning.<\/p>\n\n\n\n<h4 class=\"my-4 wp-block-heading\"><strong><strong>Fraktpolicy<\/strong><\/strong><\/h4>\n\n\n\n<p><strong><strong>Tullavgifter<\/strong><\/strong><\/p>\n\n\n\n<p>Kunder som bor i EU beh\u00f6ver inte betala import- eller tullavgifter. EU \u00e4r en tullunion, vilket inneb\u00e4r att inga tullar tas ut bland medlemsl\u00e4nderna. F\u00f6r kunder som bor i ett land utanf\u00f6r EU kan debiteras import- eller tullavgifter, beroende p\u00e5 landets lagar.<\/p>\n\n\n\n<p>Eventuella tullar eller importavgifter debiteras n\u00e4r paketet n\u00e5r destinationslandet. Ytterligare avgifter f\u00f6r tullklarering m\u00e5ste betalas av mottagaren, vi har ingen kontroll \u00f6ver dessa avgifter och kan inte f\u00f6ruts\u00e4ga vad de kan vara. Eftersom tullpolicyerna varierar stort fr\u00e5n land till land, rekommenderar vi att du unders\u00f6ker relevanta lokala lagar i ditt land.<\/p>\n\n\n\n<p>Om du \u00e4r en kund som bor i ett land utanf\u00f6r EU; Vid best\u00e4llning i v\u00e5r webbshop debiteras du inte f\u00f6r moms. N\u00e4r paketet n\u00e5r ditt destinationsland kan du beh\u00f6va betala f\u00f6r ytterligare importtullar, tullklarering och moms. Eftersom tullpolicyerna varierar mycket fr\u00e5n land till land kan vi inte f\u00f6rutse vilka extra avgifter som kan bli. Kontakta ditt lokala tullkontor f\u00f6r mer information.<\/p>\n\n\n\n<p><strong><strong>Leveranstid<\/strong><\/strong><\/p>\n\n\n\n<p>V\u00e5ra leveranstider \u00e4r ber\u00e4knade till ungef\u00e4r:<\/p>\n\n\n\n<p>Inom Skandinavien: 5-7 arbetsdagar<\/p>\n\n\n\n<p>Inom Europa: 7-10 arbetsdagar<\/p>\n\n\n\n<p>Utanf\u00f6r Europa: 10-15 arbetsdagar<\/p>\n\n\n\n<p><strong><strong>Leverans<\/strong><\/strong><\/p>\n\n\n\n<p>Vi levererar v\u00e5ra Defunc-produkter fr\u00e5n Stockholm, Sverige med nationell posttj\u00e4nst.<\/p>\n\n\n\n<p><strong><strong>Betalningsmetoder<\/strong><\/strong><\/p>\n\n\n\n<p>Du kan betala med Mastercard, VISA och America Express. Vi erbjuder \u00e4ven Klarna som betalningsl\u00f6sning i de l\u00e4nder d\u00e4r de \u00e4r verksamma.<\/p>\n","protected":false},"excerpt":{"rendered":"<p>Din orderstatus Efter att du har lagt en best\u00e4llning f\u00e5r du en orderbekr\u00e4ftelse fr\u00e5n oss. N\u00e4r din best\u00e4llning har skickats f\u00e5r du en leveransbekr\u00e4ftelse. Om du inte ser e-postmeddelandet i din inkorg, se till att&#8230;<\/p>\n","protected":false},"author":1,"featured_media":0,"parent":1814,"menu_order":0,"comment_status":"closed","ping_status":"closed","template":"","meta":{"_acf_changed":false,"footnotes":""},"class_list":["post-1822","page","type-page","status-publish","hentry"],"acf":[],"yoast_head":"<!-- This site is optimized with the Yoast SEO Premium plugin v27.1 (Yoast SEO v27.4) - https:\/\/yoast.com\/product\/yoast-seo-premium-wordpress\/ -->\n<title>Order &amp; Frakt | Defunc<\/title>\n<meta name=\"robots\" content=\"index, follow, max-snippet:-1, max-image-preview:large, max-video-preview:-1\" \/>\n<link rel=\"canonical\" href=\"https:\/\/defunc.com\/sv\/support\/order-frakt\/\" \/>\n<meta property=\"og:locale\" content=\"sv_SE\" \/>\n<meta property=\"og:type\" content=\"article\" \/>\n<meta property=\"og:title\" content=\"Order &amp; Frakt\" \/>\n<meta property=\"og:description\" content=\"Din orderstatus Efter att du har lagt en best\u00e4llning f\u00e5r du en orderbekr\u00e4ftelse fr\u00e5n oss. N\u00e4r din best\u00e4llning har skickats f\u00e5r du en leveransbekr\u00e4ftelse. Om du inte ser e-postmeddelandet i din inkorg, se till att...\" \/>\n<meta property=\"og:url\" content=\"https:\/\/defunc.com\/sv\/support\/order-frakt\/\" \/>\n<meta property=\"og:site_name\" content=\"Defunc\" \/>\n<meta property=\"article:publisher\" content=\"https:\/\/www.facebook.com\/defuncglobal\/\" \/>\n<meta property=\"article:modified_time\" content=\"2022-04-08T06:33:42+00:00\" \/>\n<meta property=\"og:image\" content=\"https:\/\/defunc.com\/wp-content\/uploads\/2023\/12\/Logo-thumbnail.jpg\" \/>\n\t<meta property=\"og:image:width\" content=\"1200\" \/>\n\t<meta property=\"og:image:height\" content=\"675\" \/>\n\t<meta property=\"og:image:type\" content=\"image\/jpeg\" \/>\n<meta name=\"twitter:card\" content=\"summary_large_image\" \/>\n<meta name=\"twitter:label1\" content=\"Ber\u00e4knad l\u00e4stid\" \/>\n\t<meta name=\"twitter:data1\" content=\"2 minuter\" \/>\n<script type=\"application\/ld+json\" class=\"yoast-schema-graph\">{\"@context\":\"https:\\\/\\\/schema.org\",\"@graph\":[{\"@type\":\"WebPage\",\"@id\":\"https:\\\/\\\/defunc.com\\\/sv\\\/support\\\/order-frakt\\\/\",\"url\":\"https:\\\/\\\/defunc.com\\\/sv\\\/support\\\/order-frakt\\\/\",\"name\":\"Order & Frakt | Defunc\",\"isPartOf\":{\"@id\":\"https:\\\/\\\/defunc.com\\\/sv\\\/#website\"},\"datePublished\":\"2022-02-28T09:39:45+00:00\",\"dateModified\":\"2022-04-08T06:33:42+00:00\",\"breadcrumb\":{\"@id\":\"https:\\\/\\\/defunc.com\\\/sv\\\/support\\\/order-frakt\\\/#breadcrumb\"},\"inLanguage\":\"sv-SE\",\"potentialAction\":[{\"@type\":\"ReadAction\",\"target\":[\"https:\\\/\\\/defunc.com\\\/sv\\\/support\\\/order-frakt\\\/\"]}]},{\"@type\":\"BreadcrumbList\",\"@id\":\"https:\\\/\\\/defunc.com\\\/sv\\\/support\\\/order-frakt\\\/#breadcrumb\",\"itemListElement\":[{\"@type\":\"ListItem\",\"position\":1,\"name\":\"Home\",\"item\":\"https:\\\/\\\/defunc.com\\\/sv\\\/\"},{\"@type\":\"ListItem\",\"position\":2,\"name\":\"Support\",\"item\":\"https:\\\/\\\/defunc.com\\\/sv\\\/support\\\/?lang=sv\"},{\"@type\":\"ListItem\",\"position\":3,\"name\":\"Order &#038; Frakt\"}]},{\"@type\":\"WebSite\",\"@id\":\"https:\\\/\\\/defunc.com\\\/sv\\\/#website\",\"url\":\"https:\\\/\\\/defunc.com\\\/sv\\\/\",\"name\":\"Defunc\",\"description\":\"Speakers and Earbuds - Everything we do is design &amp; function\",\"publisher\":{\"@id\":\"https:\\\/\\\/defunc.com\\\/sv\\\/#organization\"},\"potentialAction\":[{\"@type\":\"SearchAction\",\"target\":{\"@type\":\"EntryPoint\",\"urlTemplate\":\"https:\\\/\\\/defunc.com\\\/sv\\\/?s={search_term_string}\"},\"query-input\":{\"@type\":\"PropertyValueSpecification\",\"valueRequired\":true,\"valueName\":\"search_term_string\"}}],\"inLanguage\":\"sv-SE\"},{\"@type\":\"Organization\",\"@id\":\"https:\\\/\\\/defunc.com\\\/sv\\\/#organization\",\"name\":\"Defunc\",\"url\":\"https:\\\/\\\/defunc.com\\\/sv\\\/\",\"logo\":{\"@type\":\"ImageObject\",\"inLanguage\":\"sv-SE\",\"@id\":\"https:\\\/\\\/defunc.com\\\/sv\\\/#\\\/schema\\\/logo\\\/image\\\/\",\"url\":\"https:\\\/\\\/defunc.com\\\/wp-content\\\/uploads\\\/2022\\\/03\\\/defunc-logo-black.png\",\"contentUrl\":\"https:\\\/\\\/defunc.com\\\/wp-content\\\/uploads\\\/2022\\\/03\\\/defunc-logo-black.png\",\"width\":2560,\"height\":637,\"caption\":\"Defunc\"},\"image\":{\"@id\":\"https:\\\/\\\/defunc.com\\\/sv\\\/#\\\/schema\\\/logo\\\/image\\\/\"},\"sameAs\":[\"https:\\\/\\\/www.facebook.com\\\/defuncglobal\\\/\",\"https:\\\/\\\/www.instagram.com\\\/defuncglobal\\\/?hl=sv\",\"https:\\\/\\\/www.linkedin.com\\\/company\\\/defunc\\\/?originalSubdomain=se\",\"https:\\\/\\\/www.youtube.com\\\/channel\\\/UC9_cffHmeXEn9_6LTrazRxA\"],\"publishingPrinciples\":\"https:\\\/\\\/defunc.com\\\/support\\\/terms-conditions\\\/\"}]}<\/script>\n<!-- \/ Yoast SEO Premium plugin. -->","yoast_head_json":{"title":"Order & Frakt | Defunc","robots":{"index":"index","follow":"follow","max-snippet":"max-snippet:-1","max-image-preview":"max-image-preview:large","max-video-preview":"max-video-preview:-1"},"canonical":"https:\/\/defunc.com\/sv\/support\/order-frakt\/","og_locale":"sv_SE","og_type":"article","og_title":"Order & Frakt","og_description":"Din orderstatus Efter att du har lagt en best\u00e4llning f\u00e5r du en orderbekr\u00e4ftelse fr\u00e5n oss. N\u00e4r din best\u00e4llning har skickats f\u00e5r du en leveransbekr\u00e4ftelse. Om du inte ser e-postmeddelandet i din inkorg, se till att...","og_url":"https:\/\/defunc.com\/sv\/support\/order-frakt\/","og_site_name":"Defunc","article_publisher":"https:\/\/www.facebook.com\/defuncglobal\/","article_modified_time":"2022-04-08T06:33:42+00:00","og_image":[{"width":1200,"height":675,"url":"https:\/\/defunc.com\/wp-content\/uploads\/2023\/12\/Logo-thumbnail.jpg","type":"image\/jpeg"}],"twitter_card":"summary_large_image","twitter_misc":{"Ber\u00e4knad l\u00e4stid":"2 minuter"},"schema":{"@context":"https:\/\/schema.org","@graph":[{"@type":"WebPage","@id":"https:\/\/defunc.com\/sv\/support\/order-frakt\/","url":"https:\/\/defunc.com\/sv\/support\/order-frakt\/","name":"Order & Frakt | Defunc","isPartOf":{"@id":"https:\/\/defunc.com\/sv\/#website"},"datePublished":"2022-02-28T09:39:45+00:00","dateModified":"2022-04-08T06:33:42+00:00","breadcrumb":{"@id":"https:\/\/defunc.com\/sv\/support\/order-frakt\/#breadcrumb"},"inLanguage":"sv-SE","potentialAction":[{"@type":"ReadAction","target":["https:\/\/defunc.com\/sv\/support\/order-frakt\/"]}]},{"@type":"BreadcrumbList","@id":"https:\/\/defunc.com\/sv\/support\/order-frakt\/#breadcrumb","itemListElement":[{"@type":"ListItem","position":1,"name":"Home","item":"https:\/\/defunc.com\/sv\/"},{"@type":"ListItem","position":2,"name":"Support","item":"https:\/\/defunc.com\/sv\/support\/?lang=sv"},{"@type":"ListItem","position":3,"name":"Order &#038; Frakt"}]},{"@type":"WebSite","@id":"https:\/\/defunc.com\/sv\/#website","url":"https:\/\/defunc.com\/sv\/","name":"Defunc","description":"Speakers and Earbuds - Everything we do is design &amp; function","publisher":{"@id":"https:\/\/defunc.com\/sv\/#organization"},"potentialAction":[{"@type":"SearchAction","target":{"@type":"EntryPoint","urlTemplate":"https:\/\/defunc.com\/sv\/?s={search_term_string}"},"query-input":{"@type":"PropertyValueSpecification","valueRequired":true,"valueName":"search_term_string"}}],"inLanguage":"sv-SE"},{"@type":"Organization","@id":"https:\/\/defunc.com\/sv\/#organization","name":"Defunc","url":"https:\/\/defunc.com\/sv\/","logo":{"@type":"ImageObject","inLanguage":"sv-SE","@id":"https:\/\/defunc.com\/sv\/#\/schema\/logo\/image\/","url":"https:\/\/defunc.com\/wp-content\/uploads\/2022\/03\/defunc-logo-black.png","contentUrl":"https:\/\/defunc.com\/wp-content\/uploads\/2022\/03\/defunc-logo-black.png","width":2560,"height":637,"caption":"Defunc"},"image":{"@id":"https:\/\/defunc.com\/sv\/#\/schema\/logo\/image\/"},"sameAs":["https:\/\/www.facebook.com\/defuncglobal\/","https:\/\/www.instagram.com\/defuncglobal\/?hl=sv","https:\/\/www.linkedin.com\/company\/defunc\/?originalSubdomain=se","https:\/\/www.youtube.com\/channel\/UC9_cffHmeXEn9_6LTrazRxA"],"publishingPrinciples":"https:\/\/defunc.com\/support\/terms-conditions\/"}]}},"jetpack_sharing_enabled":true,"_links":{"self":[{"href":"https:\/\/defunc.com\/sv\/wp-json\/wp\/v2\/pages\/1822","targetHints":{"allow":["GET"]}}],"collection":[{"href":"https:\/\/defunc.com\/sv\/wp-json\/wp\/v2\/pages"}],"about":[{"href":"https:\/\/defunc.com\/sv\/wp-json\/wp\/v2\/types\/page"}],"author":[{"embeddable":true,"href":"https:\/\/defunc.com\/sv\/wp-json\/wp\/v2\/users\/1"}],"replies":[{"embeddable":true,"href":"https:\/\/defunc.com\/sv\/wp-json\/wp\/v2\/comments?post=1822"}],"version-history":[{"count":3,"href":"https:\/\/defunc.com\/sv\/wp-json\/wp\/v2\/pages\/1822\/revisions"}],"predecessor-version":[{"id":2240,"href":"https:\/\/defunc.com\/sv\/wp-json\/wp\/v2\/pages\/1822\/revisions\/2240"}],"up":[{"embeddable":true,"href":"https:\/\/defunc.com\/sv\/wp-json\/wp\/v2\/pages\/1814"}],"wp:attachment":[{"href":"https:\/\/defunc.com\/sv\/wp-json\/wp\/v2\/media?parent=1822"}],"curies":[{"name":"wp","href":"https:\/\/api.w.org\/{rel}","templated":true}]}}