{"id":1824,"date":"2022-02-28T09:40:07","date_gmt":"2022-02-28T09:40:07","guid":{"rendered":"https:\/\/greatgraphics.se\/tempsites\/defuncv2\/support\/returns-refunds\/"},"modified":"2022-04-08T06:34:46","modified_gmt":"2022-04-08T06:34:46","slug":"returer-garanti","status":"publish","type":"page","link":"https:\/\/defunc.com\/sv\/support\/returer-garanti\/","title":{"rendered":"Returer &#038; Garanti"},"content":{"rendered":"\n<p><strong><strong>\u00c5ngerr\u00e4tt &#8211; Returnera din Defunc-produkt<\/strong><\/strong><\/p>\n\n\n\n<p>Du kan utnyttja \u00e5ngerr\u00e4tten och returnera eller byta din best\u00e4llning oavsett anledning inom 14 dagar efter k\u00f6pet. Observera att Defunc endast kan hantera returer om din produkt har k\u00f6pts fr\u00e5n www.defunc.com. Om du inte k\u00f6pte produkten fr\u00e5n www.defunc.com, kontakta \u00e5terf\u00f6rs\u00e4ljaren som s\u00e5lde produkten till dig.<\/p>\n\n\n\n<p>Om du f\u00e5r din produkt och uppt\u00e4cker att den inte matchar den du best\u00e4llt eller om den \u00e4r skadad, v\u00e4nligen kontakta kundtj\u00e4nst \u201dGet support\u201d direkt efter att du mottagit din produkt.<\/p>\n\n\n\n<p>Du har r\u00e4tt att unders\u00f6ka de produkter du har k\u00f6pt. Men f\u00f6r att h\u00e4va k\u00f6pet m\u00e5ste din produkt vara i s\u00e5 kallat v\u00e4sentligen of\u00f6r\u00e4ndrat skick och i originalproduktf\u00f6rpackning som m\u00e5ste vara komplett. Din produkt kan inte ha anv\u00e4nts eller testats. Det \u00e4r tyv\u00e4rr INTE m\u00f6jligt att returnera in-ear h\u00f6rlurar n\u00e4r den f\u00f6rseglade f\u00f6rpackningen v\u00e4l har \u00f6ppnats p\u00e5 grund av personliga hygiensk\u00e4l.<\/p>\n\n\n\n<p>F\u00f6r att undvika skador under transport beh\u00f6ver en ytterf\u00f6rpackning anv\u00e4ndas, att s\u00e4tta en fraktetikett p\u00e5 originalkartongen \u00e4r inte en s\u00e5dan l\u00f6sning. Transportskador orsakade av underm\u00e5lig f\u00f6rpackning ing\u00e5r inte i v\u00e5r returpolicy och ger dig inte r\u00e4tt till \u00e5terbetalning.<\/p>\n\n\n\n<p>Observera att H\u00d6GTALARE m\u00e5ste returneras med kurir leveransmetod (DHL, UPS, FedEx eller annan liknande tj\u00e4nst) till Defunc anvisade returadress, h\u00f6gtalare som skickas till ett postombud kommer INTE att h\u00e4mtas ut och returneras d\u00e4rf\u00f6r automatiskt till avs\u00e4ndaren.<\/p>\n\n\n\n<p>Observera att rabatterade produkter \u00e4r slutgiltiga och kan inte returneras eller bytas.<\/p>\n\n\n\n<p>Om anledningen till att du vill returnera produkten \u00e4r att du tror att det \u00e4r n\u00e5got fel p\u00e5 produkten, v\u00e4nligen kontrollera de f\u00f6reslagna l\u00f6sningarna och tipsen i v\u00e5r &#8221;Har du problem?&#8221; sektion. Det kanske inte \u00e4r n\u00e5got fel p\u00e5 din produkt och det kan \u00e5tg\u00e4rdas genom att f\u00f6lja anv\u00e4ndbara tips som finns d\u00e4r eller f\u00e5 hj\u00e4lp genom att kontakta kundtj\u00e4nst i avsnittet &#8221;Get support&#8221;.<\/p>\n\n\n\n<p>Du m\u00e5ste oavsett anledning alltid kontakta v\u00e5r kundtj\u00e4nst p\u00e5 avsnittet \u201dGet support\u201d innan du returnerar din best\u00e4llning s\u00e5 att du, beroende p\u00e5 vilket land du befinner dig i, kan f\u00e5 r\u00e4tt tilldelad returadress f\u00f6r din best\u00e4llning. Vi uppskattar alltid om du informerar oss om anledningen till att du returnerar produkten. Ha din orderbekr\u00e4ftelse till hands f\u00f6r att underl\u00e4tta kundsupporten. Du m\u00e5ste sj\u00e4lv betala f\u00f6r returfrakten.<\/p>\n\n\n\n<p>Efter att vi tagit emot returen och godk\u00e4nt den kommer du inom 30 dagar att f\u00e5 v\u00e5r \u00e5terbetalning enligt din ursprungliga betalningsmetod.<\/p>\n\n\n\n<h4 class=\"my-4 wp-block-heading\"><strong>Garanti<\/strong><\/h4>\n\n\n\n<p>Skulle du, mot f\u00f6rmodan, uppleva defekter p\u00e5 grund av tillverkningsfel inom v\u00e5r garantiperiod, under normal anv\u00e4ndning och sk\u00f6tsel, kommer din produkt att repareras, ers\u00e4ttas eller \u00e5terbetalas efter v\u00e5rt gottfinnande.<\/p>\n\n\n\n<p>Defunc kan endast hantera garantianspr\u00e5k om din produkt har k\u00f6pts fr\u00e5n en auktoriserad Defunc-\u00e5terf\u00f6rs\u00e4ljare eller -distribut\u00f6r. F\u00f6r att kunna hantera ett garantianspr\u00e5k kr\u00e4vs ett giltigt ink\u00f6psbevis (kvitto) av Defunc, v\u00e5ra \u00e5terf\u00f6rs\u00e4ljare och distribut\u00f6rer.<\/p>\n\n\n\n<p>Innan du kontaktar oss och g\u00f6r ett garantianspr\u00e5k, v\u00e4nligen kontrollera f\u00f6rst de f\u00f6reslagna l\u00f6sningarna och tipsen i v\u00e5r &#8221;Har du problem?&#8221; sektion. Det kanske inte \u00e4r n\u00e5got fel p\u00e5 din produkt och det kan \u00e5tg\u00e4rdas genom att f\u00f6lja anv\u00e4ndbara tips som finns d\u00e4r.<\/p>\n\n\n\n<p><strong><u><strong><u>F\u00f6r att g\u00f6ra ett klagom\u00e5l och g\u00f6ra anspr\u00e5k p\u00e5 din garanti<\/u><\/strong><\/u><\/strong><\/p>\n\n\n\n<p><strong><strong>H\u00f6rlurar<\/strong><\/strong><\/p>\n\n\n\n<p>Du m\u00e5ste kontakta v\u00e5r kundtj\u00e4nst i avsnittet &#8221;Get support&#8221;, om vi inte kan l\u00f6sa problemet och vi tror att det \u00e4r ett garantifall, kommer vi, beroende p\u00e5 vilket land du befinner dig i, att f\u00e5 adressen vart du ska returnera produkten, det \u00e4r mycket viktigt att du returnerar produkten till den tilldelade adress du har f\u00e5tt f\u00f6r att vi ska kunna hantera din reklamation korrekt. Du m\u00e5ste sj\u00e4lv betala f\u00f6r returfraktkostnaden.<\/p>\n\n\n\n<p>Se till att du packar produkten i en s\u00e4ker f\u00f6rpackning. Allt inneh\u00e5ll med broschyrer och kablar m\u00e5ste finnas med. Produkten ska returneras i sin Defunc originalf\u00f6rpackning i komplett och gott skick.<\/p>\n\n\n\n<p>F\u00f6r att undvika skador under transport beh\u00f6ver en ytterf\u00f6rpackning anv\u00e4ndas, att s\u00e4tta en fraktetikett p\u00e5 originalkartongen \u00e4r inte en s\u00e5dan l\u00f6sning. Transportskador orsakade av defekt f\u00f6rpackning ing\u00e5r inte i garanti\u00e5taganden och ger dig inte r\u00e4tt till \u00e5terbetalning.<\/p>\n\n\n\n<p>Om Defunc anser att det \u00e4r ett godk\u00e4nt garantianspr\u00e5k, kommer din produkt att repareras, ers\u00e4ttas eller \u00e5terbetalas efter v\u00e5rt gottfinnande.<\/p>\n\n\n\n<p>Observera att om du skickar en produkt till Defunc f\u00f6r \u00e5tg\u00e4rd och den inte visar de fel som du har angett eller om vi fastst\u00e4ller att problemet med din(a) produkt(er) inte t\u00e4cks av Defunc-garantin, har du m\u00f6jlighet att betala f\u00f6r reparationen eller att vi returnerar produkten till dig p\u00e5 egen bekostnad.<\/p>\n\n\n\n<p><strong><strong>H\u00f6gtalare<\/strong><\/strong><\/p>\n\n\n\n<p>Du m\u00e5ste kontakta v\u00e5r kundtj\u00e4nst p\u00e5 &#8221;Get support&#8221;, vi kommer att f\u00f6rs\u00f6ka fels\u00f6ka h\u00f6gtalaren, om vi inte kan l\u00f6sa problemet och vi tror att det \u00e4r ett garanti\u00e4rende kommer vi att mejla dig ett RMA-nummer (Return Merchandise Authorization) som \u00e4r giltig 14 dagar efter utf\u00e4rdandet. Detta kommer att inkludera en f\u00f6rbetald returfraktsedel. Anv\u00e4nd Defunc-fraktetiketten du har f\u00e5tt och f\u00f6lj fraktinstruktionerna p\u00e5 etiketten f\u00f6r att skicka tillbaka produkterna till Defunc. Beh\u00e5ll en kopia av fraktetiketten med till\u00e4mpligt sp\u00e5rningsnummer undertecknat av en agent f\u00f6r transport\u00f6ren. Att vi utf\u00e4rdar ett RMA-nummer betyder inte att vi har godk\u00e4nt din reparation eller en garantiers\u00e4ttning.<\/p>\n\n\n\n<p>Defunc m\u00e5ste ha erh\u00e5llit den returnerade produkten inom 30 kalenderdagar efter att ett RMA-nummer har utf\u00e4rdats och den returnerade enheten m\u00e5ste matcha serienumret som anges i RMA. Se till att du packar produkten i en s\u00e4ker f\u00f6rpackning. Allt inneh\u00e5ll med broschyrer och kablar m\u00e5ste finnas med. Produkten ska returneras i sin Defunc originalf\u00f6rpackning i komplett och gott skick.<\/p>\n\n\n\n<p>F\u00f6r att undvika skador under transport beh\u00f6ver en ytterf\u00f6rpackning anv\u00e4ndas, att s\u00e4tta en fraktetikett p\u00e5 originalkartongen \u00e4r inte en s\u00e5dan l\u00f6sning. Transportskador orsakade av defekt f\u00f6rpackning ing\u00e5r inte i garanti\u00e5taganden och ger dig inte r\u00e4tt till \u00e5terbetalning.<\/p>\n\n\n\n<p>Om Defunc anser att det \u00e4r ett godk\u00e4nt garantianspr\u00e5k, kommer din produkt att repareras, ers\u00e4ttas eller \u00e5terbetalas efter v\u00e5rt gottfinnande.<\/p>\n\n\n\n<p>Observera att om du skickar en produkt till Defunc f\u00f6r \u00e5tg\u00e4rd och den inte visar de fel som du har angett eller om vi fastst\u00e4ller att problemet med din(a) produkt(er) inte t\u00e4cks av Defunc-garantin, har du m\u00f6jlighet att betala f\u00f6r reparationen eller att vi returnerar produkten till dig p\u00e5 egen bekostnad.<\/p>\n\n\n\n<p><strong>Garantivillkor:<\/strong><\/p>\n\n\n\n<ul class=\"wp-block-list\"><li>G\u00e4ller endast f\u00f6r produkter k\u00f6pta fr\u00e5n en auktoriserad Defunc-\u00e5terf\u00f6rs\u00e4ljare eller distribut\u00f6r<\/li><li>\u00c4r giltig fr\u00e5n datumet f\u00f6r det ursprungliga k\u00f6pet under en period av 12 m\u00e5nader.<\/li><li>\u00c4r begr\u00e4nsad till reparation eller utbyte efter v\u00e5rt gottfinnande (vilket inte p\u00e5verkar din ursprungliga garanti). Varken transport, eller n\u00e5gra andra kostnader, eller n\u00e5gon risk f\u00f6r borttagning, transport och installation av produkter t\u00e4cks av denna garanti.<\/li><li>Kommer inte att vara till\u00e4mpligt i andra fall \u00e4n defekter i material och\/eller utf\u00f6rande vid k\u00f6ptillf\u00e4llet och kommer inte att vara till\u00e4mpligt:<\/li><li>F\u00f6r normalt slitage p\u00e5 produkter eller delar.<\/li><li>F\u00f6r f\u00f6rs\u00e4mring av komponenter, vars natur \u00e4r att bli slitna eller t\u00f6mda vid anv\u00e4ndning, s\u00e5som batterier och h\u00f6rsn\u00e4ckor.<\/li><li>F\u00f6r eventuella interoperabilitets-problem med tredjepartsprodukter, s\u00e5vida vi inte uttryckligen anger denna avsikt.<\/li><li>F\u00f6r skador orsakade av felaktig installation eller anslutning.<\/li><li>F\u00f6r andra \u00e4ndam\u00e5l \u00e4n hush\u00e5llsbruk.<\/li><li>F\u00f6r skador orsakade av annan anv\u00e4ndning \u00e4n korrekt anv\u00e4ndning som beskrivs i anv\u00e4ndarmanualen, f\u00f6rsummelse, modifieringar eller anv\u00e4ndning av delar som inte \u00e4r tillverkade eller auktoriserade av Defunc.<\/li><li>F\u00f6r skador orsakade av felaktig eller ol\u00e4mplig hj\u00e4lputrustning.<\/li><li>F\u00f6r skador orsakade av olyckor, blixtnedslag, vatten, eldv\u00e4rme, krig, offentliga st\u00f6rningar eller n\u00e5gon annan orsak utanf\u00f6r rimlig kontroll av Defunc och dess utsedda distribut\u00f6rer.<\/li><li>F\u00f6r produkter vars serienummer har \u00e4ndrats, raderats, tagits bort eller gjorts ol\u00e4sliga.<\/li><li>Om reparationer eller modifieringar har utf\u00f6rts av en obeh\u00f6rig person.<\/li><li>Om produkten \u00e4r k\u00f6pt begagnad eller genom n\u00e5gon auktion.<\/li><\/ul>\n\n\n\n<p><strong><strong>S\u00e5 h\u00e4r g\u00f6r du ett anspr\u00e5k p\u00e5 garantin till Defunc:<\/strong><\/strong><\/p>\n\n\n\n<p>Skicka ditt garantianspr\u00e5k till &#8221;Get support&#8221;:<\/p>\n","protected":false},"excerpt":{"rendered":"<p>\u00c5ngerr\u00e4tt &#8211; Returnera din Defunc-produkt Du kan utnyttja \u00e5ngerr\u00e4tten och returnera eller byta din best\u00e4llning oavsett anledning inom 14 dagar efter k\u00f6pet. Observera att Defunc endast kan hantera returer om din produkt har k\u00f6pts fr\u00e5n&#8230;<\/p>\n","protected":false},"author":1,"featured_media":0,"parent":1814,"menu_order":0,"comment_status":"closed","ping_status":"closed","template":"","meta":{"_acf_changed":false,"footnotes":""},"class_list":["post-1824","page","type-page","status-publish","hentry"],"acf":[],"yoast_head":"<!-- This site is optimized with the Yoast SEO Premium plugin v27.1 (Yoast SEO v27.4) - https:\/\/yoast.com\/product\/yoast-seo-premium-wordpress\/ -->\n<title>Returer &amp; Garanti | Defunc<\/title>\n<meta name=\"robots\" content=\"index, follow, max-snippet:-1, max-image-preview:large, max-video-preview:-1\" \/>\n<link rel=\"canonical\" href=\"https:\/\/defunc.com\/sv\/support\/returer-garanti\/\" \/>\n<meta property=\"og:locale\" content=\"sv_SE\" \/>\n<meta property=\"og:type\" content=\"article\" \/>\n<meta property=\"og:title\" content=\"Returer &amp; Garanti\" \/>\n<meta property=\"og:description\" content=\"\u00c5ngerr\u00e4tt &#8211; Returnera din Defunc-produkt Du kan utnyttja \u00e5ngerr\u00e4tten och returnera eller byta din best\u00e4llning oavsett anledning inom 14 dagar efter k\u00f6pet. Observera att Defunc endast kan hantera returer om din produkt har k\u00f6pts fr\u00e5n...\" \/>\n<meta property=\"og:url\" content=\"https:\/\/defunc.com\/sv\/support\/returer-garanti\/\" \/>\n<meta property=\"og:site_name\" content=\"Defunc\" \/>\n<meta property=\"article:publisher\" content=\"https:\/\/www.facebook.com\/defuncglobal\/\" \/>\n<meta property=\"article:modified_time\" content=\"2022-04-08T06:34:46+00:00\" \/>\n<meta property=\"og:image\" content=\"https:\/\/defunc.com\/wp-content\/uploads\/2023\/12\/Logo-thumbnail.jpg\" \/>\n\t<meta property=\"og:image:width\" content=\"1200\" \/>\n\t<meta property=\"og:image:height\" content=\"675\" \/>\n\t<meta property=\"og:image:type\" content=\"image\/jpeg\" \/>\n<meta name=\"twitter:card\" content=\"summary_large_image\" \/>\n<meta name=\"twitter:label1\" content=\"Ber\u00e4knad l\u00e4stid\" \/>\n\t<meta name=\"twitter:data1\" content=\"6 minuter\" \/>\n<script type=\"application\/ld+json\" class=\"yoast-schema-graph\">{\"@context\":\"https:\\\/\\\/schema.org\",\"@graph\":[{\"@type\":\"WebPage\",\"@id\":\"https:\\\/\\\/defunc.com\\\/sv\\\/support\\\/returer-garanti\\\/\",\"url\":\"https:\\\/\\\/defunc.com\\\/sv\\\/support\\\/returer-garanti\\\/\",\"name\":\"Returer & Garanti | Defunc\",\"isPartOf\":{\"@id\":\"https:\\\/\\\/defunc.com\\\/sv\\\/#website\"},\"datePublished\":\"2022-02-28T09:40:07+00:00\",\"dateModified\":\"2022-04-08T06:34:46+00:00\",\"breadcrumb\":{\"@id\":\"https:\\\/\\\/defunc.com\\\/sv\\\/support\\\/returer-garanti\\\/#breadcrumb\"},\"inLanguage\":\"sv-SE\",\"potentialAction\":[{\"@type\":\"ReadAction\",\"target\":[\"https:\\\/\\\/defunc.com\\\/sv\\\/support\\\/returer-garanti\\\/\"]}]},{\"@type\":\"BreadcrumbList\",\"@id\":\"https:\\\/\\\/defunc.com\\\/sv\\\/support\\\/returer-garanti\\\/#breadcrumb\",\"itemListElement\":[{\"@type\":\"ListItem\",\"position\":1,\"name\":\"Home\",\"item\":\"https:\\\/\\\/defunc.com\\\/sv\\\/\"},{\"@type\":\"ListItem\",\"position\":2,\"name\":\"Support\",\"item\":\"https:\\\/\\\/defunc.com\\\/sv\\\/support\\\/?lang=sv\"},{\"@type\":\"ListItem\",\"position\":3,\"name\":\"Returer &#038; Garanti\"}]},{\"@type\":\"WebSite\",\"@id\":\"https:\\\/\\\/defunc.com\\\/sv\\\/#website\",\"url\":\"https:\\\/\\\/defunc.com\\\/sv\\\/\",\"name\":\"Defunc\",\"description\":\"Speakers and Earbuds - Everything we do is design &amp; function\",\"publisher\":{\"@id\":\"https:\\\/\\\/defunc.com\\\/sv\\\/#organization\"},\"potentialAction\":[{\"@type\":\"SearchAction\",\"target\":{\"@type\":\"EntryPoint\",\"urlTemplate\":\"https:\\\/\\\/defunc.com\\\/sv\\\/?s={search_term_string}\"},\"query-input\":{\"@type\":\"PropertyValueSpecification\",\"valueRequired\":true,\"valueName\":\"search_term_string\"}}],\"inLanguage\":\"sv-SE\"},{\"@type\":\"Organization\",\"@id\":\"https:\\\/\\\/defunc.com\\\/sv\\\/#organization\",\"name\":\"Defunc\",\"url\":\"https:\\\/\\\/defunc.com\\\/sv\\\/\",\"logo\":{\"@type\":\"ImageObject\",\"inLanguage\":\"sv-SE\",\"@id\":\"https:\\\/\\\/defunc.com\\\/sv\\\/#\\\/schema\\\/logo\\\/image\\\/\",\"url\":\"https:\\\/\\\/defunc.com\\\/wp-content\\\/uploads\\\/2022\\\/03\\\/defunc-logo-black.png\",\"contentUrl\":\"https:\\\/\\\/defunc.com\\\/wp-content\\\/uploads\\\/2022\\\/03\\\/defunc-logo-black.png\",\"width\":2560,\"height\":637,\"caption\":\"Defunc\"},\"image\":{\"@id\":\"https:\\\/\\\/defunc.com\\\/sv\\\/#\\\/schema\\\/logo\\\/image\\\/\"},\"sameAs\":[\"https:\\\/\\\/www.facebook.com\\\/defuncglobal\\\/\",\"https:\\\/\\\/www.instagram.com\\\/defuncglobal\\\/?hl=sv\",\"https:\\\/\\\/www.linkedin.com\\\/company\\\/defunc\\\/?originalSubdomain=se\",\"https:\\\/\\\/www.youtube.com\\\/channel\\\/UC9_cffHmeXEn9_6LTrazRxA\"],\"publishingPrinciples\":\"https:\\\/\\\/defunc.com\\\/support\\\/terms-conditions\\\/\"}]}<\/script>\n<!-- \/ Yoast SEO Premium plugin. -->","yoast_head_json":{"title":"Returer & Garanti | Defunc","robots":{"index":"index","follow":"follow","max-snippet":"max-snippet:-1","max-image-preview":"max-image-preview:large","max-video-preview":"max-video-preview:-1"},"canonical":"https:\/\/defunc.com\/sv\/support\/returer-garanti\/","og_locale":"sv_SE","og_type":"article","og_title":"Returer & Garanti","og_description":"\u00c5ngerr\u00e4tt &#8211; Returnera din Defunc-produkt Du kan utnyttja \u00e5ngerr\u00e4tten och returnera eller byta din best\u00e4llning oavsett anledning inom 14 dagar efter k\u00f6pet. Observera att Defunc endast kan hantera returer om din produkt har k\u00f6pts fr\u00e5n...","og_url":"https:\/\/defunc.com\/sv\/support\/returer-garanti\/","og_site_name":"Defunc","article_publisher":"https:\/\/www.facebook.com\/defuncglobal\/","article_modified_time":"2022-04-08T06:34:46+00:00","og_image":[{"width":1200,"height":675,"url":"https:\/\/defunc.com\/wp-content\/uploads\/2023\/12\/Logo-thumbnail.jpg","type":"image\/jpeg"}],"twitter_card":"summary_large_image","twitter_misc":{"Ber\u00e4knad l\u00e4stid":"6 minuter"},"schema":{"@context":"https:\/\/schema.org","@graph":[{"@type":"WebPage","@id":"https:\/\/defunc.com\/sv\/support\/returer-garanti\/","url":"https:\/\/defunc.com\/sv\/support\/returer-garanti\/","name":"Returer & Garanti | Defunc","isPartOf":{"@id":"https:\/\/defunc.com\/sv\/#website"},"datePublished":"2022-02-28T09:40:07+00:00","dateModified":"2022-04-08T06:34:46+00:00","breadcrumb":{"@id":"https:\/\/defunc.com\/sv\/support\/returer-garanti\/#breadcrumb"},"inLanguage":"sv-SE","potentialAction":[{"@type":"ReadAction","target":["https:\/\/defunc.com\/sv\/support\/returer-garanti\/"]}]},{"@type":"BreadcrumbList","@id":"https:\/\/defunc.com\/sv\/support\/returer-garanti\/#breadcrumb","itemListElement":[{"@type":"ListItem","position":1,"name":"Home","item":"https:\/\/defunc.com\/sv\/"},{"@type":"ListItem","position":2,"name":"Support","item":"https:\/\/defunc.com\/sv\/support\/?lang=sv"},{"@type":"ListItem","position":3,"name":"Returer &#038; Garanti"}]},{"@type":"WebSite","@id":"https:\/\/defunc.com\/sv\/#website","url":"https:\/\/defunc.com\/sv\/","name":"Defunc","description":"Speakers and Earbuds - Everything we do is design &amp; function","publisher":{"@id":"https:\/\/defunc.com\/sv\/#organization"},"potentialAction":[{"@type":"SearchAction","target":{"@type":"EntryPoint","urlTemplate":"https:\/\/defunc.com\/sv\/?s={search_term_string}"},"query-input":{"@type":"PropertyValueSpecification","valueRequired":true,"valueName":"search_term_string"}}],"inLanguage":"sv-SE"},{"@type":"Organization","@id":"https:\/\/defunc.com\/sv\/#organization","name":"Defunc","url":"https:\/\/defunc.com\/sv\/","logo":{"@type":"ImageObject","inLanguage":"sv-SE","@id":"https:\/\/defunc.com\/sv\/#\/schema\/logo\/image\/","url":"https:\/\/defunc.com\/wp-content\/uploads\/2022\/03\/defunc-logo-black.png","contentUrl":"https:\/\/defunc.com\/wp-content\/uploads\/2022\/03\/defunc-logo-black.png","width":2560,"height":637,"caption":"Defunc"},"image":{"@id":"https:\/\/defunc.com\/sv\/#\/schema\/logo\/image\/"},"sameAs":["https:\/\/www.facebook.com\/defuncglobal\/","https:\/\/www.instagram.com\/defuncglobal\/?hl=sv","https:\/\/www.linkedin.com\/company\/defunc\/?originalSubdomain=se","https:\/\/www.youtube.com\/channel\/UC9_cffHmeXEn9_6LTrazRxA"],"publishingPrinciples":"https:\/\/defunc.com\/support\/terms-conditions\/"}]}},"jetpack_sharing_enabled":true,"_links":{"self":[{"href":"https:\/\/defunc.com\/sv\/wp-json\/wp\/v2\/pages\/1824","targetHints":{"allow":["GET"]}}],"collection":[{"href":"https:\/\/defunc.com\/sv\/wp-json\/wp\/v2\/pages"}],"about":[{"href":"https:\/\/defunc.com\/sv\/wp-json\/wp\/v2\/types\/page"}],"author":[{"embeddable":true,"href":"https:\/\/defunc.com\/sv\/wp-json\/wp\/v2\/users\/1"}],"replies":[{"embeddable":true,"href":"https:\/\/defunc.com\/sv\/wp-json\/wp\/v2\/comments?post=1824"}],"version-history":[{"count":3,"href":"https:\/\/defunc.com\/sv\/wp-json\/wp\/v2\/pages\/1824\/revisions"}],"predecessor-version":[{"id":2241,"href":"https:\/\/defunc.com\/sv\/wp-json\/wp\/v2\/pages\/1824\/revisions\/2241"}],"up":[{"embeddable":true,"href":"https:\/\/defunc.com\/sv\/wp-json\/wp\/v2\/pages\/1814"}],"wp:attachment":[{"href":"https:\/\/defunc.com\/sv\/wp-json\/wp\/v2\/media?parent=1824"}],"curies":[{"name":"wp","href":"https:\/\/api.w.org\/{rel}","templated":true}]}}